{"id":19178,"date":"2024-07-26T13:04:21","date_gmt":"2024-07-26T12:04:21","guid":{"rendered":"https:\/\/kartentool.diwisa.ch\/produkt\/volantino-thomas-henry-a5\/"},"modified":"2024-11-28T09:34:48","modified_gmt":"2024-11-28T08:34:48","slug":"volantino-thomas-henry-a5","status":"publish","type":"product","link":"https:\/\/kartentool.diwisa.ch\/it\/produkt\/volantino-thomas-henry-a5\/","title":{"rendered":"Volantino Thomas Henry | A5"},"content":{"rendered":"<p><strong>Thomas Henry presenta: I tuoi drink estivi per le giornate pi\u00f9 calde<\/strong><\/p>\n<p>L&#8217;estate \u00e8 alle porte e cosa c&#8217;\u00e8 di meglio che rinfrescarsi con una bevanda fresca? Con il design di Thomas Henry, puoi creare le tue bevande estive e mescolarle con prodotti Thomas Henry di alta qualit\u00e0. Questa opzione unica non solo ti rinfresca, ma offre anche una variet\u00e0 di sapori che arricchiranno qualsiasi festa estiva. Crea tu stesso tre bevande:<\/p>\n<p><strong>Bevi<\/strong><\/p>\n<ul>\n<li>Ingredienti 1<\/li>\n<li>Ingredienti 2<\/li>\n<li>CHF XX.-<\/li>\n<\/ul>\n<p>Personalizza le tue bevande in base ai tuoi gusti e mescolale con i prodotti di prima qualit\u00e0 di Thomas Henry. Che siano fruttate, frizzanti o rinfrescanti, Thomas Henry offre la base perfetta per le tue creative creazioni estive. Lasciati ispirare dalla qualit\u00e0 e dalla variet\u00e0 e goditi le giornate di sole con le tue bevande personalizzate. Scopri le possibilit\u00e0 e rinfrescati con le deliziose creazioni di Thomas Henry.<\/p>\n","protected":false},"excerpt":{"rendered":"<p>Personalizza le tue bevande in base ai tuoi gusti e mescolale con i prodotti di prima qualit\u00e0 di Thomas Henry. Che siano fruttate, frizzanti o rinfrescanti, Thomas Henry offre la base perfetta per le tue creazioni estive. Il design si abbina anche a<\/p>\n","protected":false},"featured_media":18842,"template":"","meta":[],"product_brand":[],"product_cat":[354],"product_tag":[346],"class_list":{"0":"post-19178","1":"product","2":"type-product","3":"status-publish","4":"has-post-thumbnail","6":"product_cat-promotion-thomas-henry-it","7":"product_tag-volantino","8":"pa_marke-thomas-henry-it","9":"pa_produkttyp-volantino","11":"first","12":"instock","13":"featured","14":"taxable","15":"shipping-taxable","16":"purchasable","17":"product-type-simple"},"tiered_pricing_type":"fixed","tiered_pricing_fixed_rules":{"20":"5.877","50":"2.683","75":"1.954","100":"1.591","150":"1.238","200":"1.054","250":"0.949","300":"0.875","500":"0.654","750":"0.584"},"tiered_pricing_product_settings":{"layout":"default","base_unit_name":{"singular":null,"plural":null},"default_variation":null},"tiered_pricing_minimum_quantity":null,"tiered_pricing_roles_data":[],"tiered_pricing_percentage_rules":[],"tiered_pricing_maximum_quantity":null,"tiered_pricing_quantity_step":null,"_links":{"self":[{"href":"https:\/\/kartentool.diwisa.ch\/it\/wp-json\/wp\/v2\/product\/19178","targetHints":{"allow":["GET"]}}],"collection":[{"href":"https:\/\/kartentool.diwisa.ch\/it\/wp-json\/wp\/v2\/product"}],"about":[{"href":"https:\/\/kartentool.diwisa.ch\/it\/wp-json\/wp\/v2\/types\/product"}],"wp:featuredmedia":[{"embeddable":true,"href":"https:\/\/kartentool.diwisa.ch\/it\/wp-json\/wp\/v2\/media\/18842"}],"wp:attachment":[{"href":"https:\/\/kartentool.diwisa.ch\/it\/wp-json\/wp\/v2\/media?parent=19178"}],"wp:term":[{"taxonomy":"product_brand","embeddable":true,"href":"https:\/\/kartentool.diwisa.ch\/it\/wp-json\/wp\/v2\/product_brand?post=19178"},{"taxonomy":"product_cat","embeddable":true,"href":"https:\/\/kartentool.diwisa.ch\/it\/wp-json\/wp\/v2\/product_cat?post=19178"},{"taxonomy":"product_tag","embeddable":true,"href":"https:\/\/kartentool.diwisa.ch\/it\/wp-json\/wp\/v2\/product_tag?post=19178"}],"curies":[{"name":"wp","href":"https:\/\/api.w.org\/{rel}","templated":true}]}}