{"id":19011,"date":"2020-12-22T16:07:56","date_gmt":"2020-12-22T15:07:56","guid":{"rendered":"https:\/\/kartentool.diwisa.ch\/impronta\/"},"modified":"2024-11-28T10:24:38","modified_gmt":"2024-11-28T09:24:38","slug":"impronta","status":"publish","type":"page","link":"https:\/\/kartentool.diwisa.ch\/it\/impronta\/","title":{"rendered":"Impronta"},"content":{"rendered":"\t\t<div data-elementor-type=\"wp-page\" data-elementor-id=\"19011\" class=\"elementor elementor-19011 elementor-26\" data-elementor-post-type=\"page\">\n\t\t\t\t<div class=\"wd-negative-gap elementor-element elementor-element-eb87326 e-flex e-con-boxed e-con e-parent\" data-id=\"eb87326\" data-element_type=\"container\" data-e-type=\"container\">\n\t\t\t\t\t<div class=\"e-con-inner\">\n\t\t\t\t<div class=\"elementor-element elementor-element-0b0631e elementor-widget elementor-widget-global elementor-global-18930 elementor-global-8996 elementor-widget-spacer\" data-id=\"0b0631e\" data-element_type=\"widget\" data-e-type=\"widget\" data-widget_type=\"spacer.default\">\n\t\t\t\t<div class=\"elementor-widget-container\">\n\t\t\t\t\t\t\t<div class=\"elementor-spacer\">\n\t\t\t<div class=\"elementor-spacer-inner\"><\/div>\n\t\t<\/div>\n\t\t\t\t\t\t<\/div>\n\t\t\t\t<\/div>\n\t\t\t\t<div class=\"elementor-element elementor-element-55f8459 elementor-widget elementor-widget-heading\" data-id=\"55f8459\" data-element_type=\"widget\" data-e-type=\"widget\" data-widget_type=\"heading.default\">\n\t\t\t\t<div class=\"elementor-widget-container\">\n\t\t\t\t\t<h1 class=\"elementor-heading-title elementor-size-default\">Impronta  <\/h1>\t\t\t\t<\/div>\n\t\t\t\t<\/div>\n\t\t\t\t<div class=\"elementor-element elementor-element-d7134dd elementor-widget elementor-widget-spacer\" data-id=\"d7134dd\" data-element_type=\"widget\" data-e-type=\"widget\" data-widget_type=\"spacer.default\">\n\t\t\t\t<div class=\"elementor-widget-container\">\n\t\t\t\t\t\t\t<div class=\"elementor-spacer\">\n\t\t\t<div class=\"elementor-spacer-inner\"><\/div>\n\t\t<\/div>\n\t\t\t\t\t\t<\/div>\n\t\t\t\t<\/div>\n\t\t\t\t\t<\/div>\n\t\t\t\t<\/div>\n\t\t<div class=\"wd-negative-gap elementor-element elementor-element-1c76e4a e-flex e-con-boxed e-con e-parent\" data-id=\"1c76e4a\" data-element_type=\"container\" data-e-type=\"container\">\n\t\t\t\t\t<div class=\"e-con-inner\">\n\t\t<div class=\"elementor-element elementor-element-b1de5eb e-con-full e-flex e-con e-child\" data-id=\"b1de5eb\" data-element_type=\"container\" data-e-type=\"container\">\n\t\t\t\t<div class=\"elementor-element elementor-element-04b66bc elementor-widget__width-auto elementor-widget elementor-widget-wd_text_block\" data-id=\"04b66bc\" data-element_type=\"widget\" data-e-type=\"widget\" data-widget_type=\"wd_text_block.default\">\n\t\t\t\t<div class=\"elementor-widget-container\">\n\t\t\t\t\t\t\t<div class=\"wd-text-block reset-last-child text-left\">\n\t\t\t\n\t\t\t<p><br><br><br>I<strong>ndirizzo di contatto<\/strong> DIWISA AG Menznauerstrasse 23 6130 Willisau<\/p><p><br>Telefono +41 41 972 72 72<a href=\"mailto:info@diwisa.ch\" target=\"_blank\" rel=\"noopener\">info@diwisa.ch<\/a><\/p><p><br><br>Numero di <strong>iscrizione nel registro delle imprese<\/strong>: CH-100-3005384-0 Ufficio del registro delle imprese del Cantone di Lucerna<\/p><p><strong><br>Partita IVA<\/strong>CHE-101.803.195<strong><\/strong><\/p><p><br><br><br>C<strong>oncetto, design e programmazione<\/strong> Bacher PrePress AG Gewerbering 1 6105 Schachen<\/p><p><br>Telefono +41 41 498 09 88<a href=\"https:\/\/www.bacher.swiss\/\" target=\"_blank\" rel=\"noopener\">www.bacher.swiss<\/a><\/p>\n\t\t\t\t\t<\/div>\n\t\t\t\t\t\t<\/div>\n\t\t\t\t<\/div>\n\t\t\t\t<\/div>\n\t\t<div class=\"elementor-element elementor-element-2b0ba10 e-con-full e-flex e-con e-child\" data-id=\"2b0ba10\" data-element_type=\"container\" data-e-type=\"container\">\n\t\t\t\t<div class=\"elementor-element elementor-element-4ef74a3 elementor-widget__width-auto elementor-widget elementor-widget-wd_text_block\" data-id=\"4ef74a3\" data-element_type=\"widget\" data-e-type=\"widget\" data-widget_type=\"wd_text_block.default\">\n\t\t\t\t<div class=\"elementor-widget-container\">\n\t\t\t\t\t\t\t<div class=\"wd-text-block reset-last-child text-left\">\n\t\t\t\n\t\t\t<p><br>D<strong>isclaimer<\/strong> L'autore non si assume alcuna responsabilit\u00e0 in merito alla correttezza, all'accuratezza, all'aggiornamento, all'affidabilit\u00e0 e alla completezza delle informazioni. Sono escluse richieste di responsabilit\u00e0 nei confronti dell'autore per danni materiali o immateriali derivanti dall'accesso, dall'uso o dal mancato uso delle informazioni pubblicate, dall'uso improprio della connessione o da guasti tecnici.<\/p><p>Tutte le offerte non sono vincolanti. L'autore si riserva espressamente il diritto di modificare, integrare o cancellare parti delle pagine o l'intera offerta senza preavviso o di interrompere temporaneamente o definitivamente la pubblicazione.<\/p><p><br>R<strong>esponsabilit\u00e0 per i link<\/strong> I riferimenti e i link a siti web di terzi non rientrano nella nostra sfera di responsabilit\u00e0. Si declina ogni responsabilit\u00e0 per tali siti web. L'accesso e l'utilizzo di tali siti web \u00e8 a rischio dell'utente.<\/p><p><br>C<strong>opyright<\/strong> Il copyright e tutti gli altri diritti su contenuti, immagini, foto o altri file presenti sul sito appartengono esclusivamente a Bacher PrePress AG o ai titolari dei diritti specificatamente indicati. Per la riproduzione di qualsiasi elemento \u00e8 necessario ottenere preventivamente il consenso scritto del titolare del copyright.<\/p>\n\t\t\t\t\t<\/div>\n\t\t\t\t\t\t<\/div>\n\t\t\t\t<\/div>\n\t\t\t\t<\/div>\n\t\t\t\t\t<\/div>\n\t\t\t\t<\/div>\n\t\t\t\t<\/div>\n\t\t","protected":false},"excerpt":{"rendered":"<p>Impronta Indirizzo di contatto DIWISA AG Menznauerstrasse 23 6130 Willisau Telefono +41 41 972 72 72info@diwisa.ch Numero di iscrizione nel<\/p>\n","protected":false},"author":1,"featured_media":0,"parent":0,"menu_order":11030,"comment_status":"closed","ping_status":"closed","template":"","meta":{"footnotes":""},"class_list":["post-19011","page","type-page","status-publish","hentry"],"_links":{"self":[{"href":"https:\/\/kartentool.diwisa.ch\/it\/wp-json\/wp\/v2\/pages\/19011","targetHints":{"allow":["GET"]}}],"collection":[{"href":"https:\/\/kartentool.diwisa.ch\/it\/wp-json\/wp\/v2\/pages"}],"about":[{"href":"https:\/\/kartentool.diwisa.ch\/it\/wp-json\/wp\/v2\/types\/page"}],"author":[{"embeddable":true,"href":"https:\/\/kartentool.diwisa.ch\/it\/wp-json\/wp\/v2\/users\/1"}],"replies":[{"embeddable":true,"href":"https:\/\/kartentool.diwisa.ch\/it\/wp-json\/wp\/v2\/comments?post=19011"}],"version-history":[{"count":2,"href":"https:\/\/kartentool.diwisa.ch\/it\/wp-json\/wp\/v2\/pages\/19011\/revisions"}],"predecessor-version":[{"id":19327,"href":"https:\/\/kartentool.diwisa.ch\/it\/wp-json\/wp\/v2\/pages\/19011\/revisions\/19327"}],"wp:attachment":[{"href":"https:\/\/kartentool.diwisa.ch\/it\/wp-json\/wp\/v2\/media?parent=19011"}],"curies":[{"name":"wp","href":"https:\/\/api.w.org\/{rel}","templated":true}]}}