{"id":19704,"date":"2025-02-06T09:21:13","date_gmt":"2025-02-06T08:21:13","guid":{"rendered":"https:\/\/kartentool.diwisa.ch\/?post_type=product&#038;p=19704"},"modified":"2025-09-08T16:23:28","modified_gmt":"2025-09-08T15:23:28","slug":"carte-des-boissons-apero-drinks-105-x-200-mm-v2","status":"publish","type":"product","link":"https:\/\/kartentool.diwisa.ch\/fr\/produkt\/carte-des-boissons-apero-drinks-105-x-200-mm-v2\/","title":{"rendered":"Carte des boissons Ap\u00e9ro Drinks 105 x 200 mm V2"},"content":{"rendered":"<p><strong>Apero Drinks Menu &#8211; Parfait pour toutes les occasions<\/strong><\/p>\n<p>Cr\u00e9ez votre prochaine exp\u00e9rience d&rsquo;ap\u00e9ritif avec notre carte ap\u00e9ritif \u00e9l\u00e9gante ! Cette carte \u00e9l\u00e9gante et color\u00e9e est le mod\u00e8le parfait pour une s\u00e9lection rafra\u00eechissante d&rsquo;ap\u00e9ritifs, qu&rsquo;ils soient alcoolis\u00e9s, peu ou pas du tout.<\/p>\n<p><strong>Faits marquants :<\/strong><\/p>\n<ul>\n<li><strong>Polyvalent <\/strong>: notre carte offre de la place pour un large choix de boissons qui raviront aussi bien les amateurs de boissons alcoolis\u00e9es que de boissons sans alcool.<\/li>\n<li><strong>Personnalisable <\/strong>: remplis une partie des boissons comme tu le souhaites et cr\u00e9e ainsi tes propres ap\u00e9ritifs signature.<\/li>\n<li><strong>Design \u00e9l\u00e9gant :<\/strong> le design vif et moderne de la carte impressionnera tes invit\u00e9s et cr\u00e9era une atmosph\u00e8re d&rsquo;ap\u00e9ritif inoubliable.<\/li>\n<\/ul>\n","protected":false},"excerpt":{"rendered":"<p><strong>Apero Drinks Menu &#8211; Polyvalent et \u00e9l\u00e9gant<\/strong><\/p>\n<p>Cr\u00e9ez vos ap\u00e9ritifs avec notre carte de boissons ap\u00e9ritives moderne ! Ce mod\u00e8le \u00e9l\u00e9gant vous permet de cr\u00e9er une s\u00e9lection personnalis\u00e9e de boissons, qu&rsquo;elles soient alcoolis\u00e9es, peu alcoolis\u00e9es ou pas du tout. Parfait pour les bars, les restaurants et les \u00e9v\u00e9nements priv\u00e9s.<\/p>\n","protected":false},"featured_media":19022,"template":"","meta":[],"product_brand":[],"product_cat":[336],"product_tag":[335],"class_list":{"0":"post-19704","1":"product","2":"type-product","3":"status-publish","4":"has-post-thumbnail","6":"product_cat-apero-promotionnel-carte","7":"product_tag-cartes-des-drinks","9":"first","10":"instock","11":"taxable","12":"shipping-taxable","13":"purchasable","14":"product-type-simple"},"tiered_pricing_type":"fixed","tiered_pricing_fixed_rules":{"20":"5.877","50":"2.683","75":"1.954","100":"1.591","150":"1.238","200":"1.054","250":"0.949","300":"0.875","500":"0.654","750":"0.584"},"tiered_pricing_product_settings":{"layout":"default","base_unit_name":{"singular":null,"plural":null},"default_variation":null},"tiered_pricing_minimum_quantity":10,"tiered_pricing_roles_data":[],"tiered_pricing_percentage_rules":[],"tiered_pricing_maximum_quantity":null,"tiered_pricing_quantity_step":null,"_links":{"self":[{"href":"https:\/\/kartentool.diwisa.ch\/fr\/wp-json\/wp\/v2\/product\/19704","targetHints":{"allow":["GET"]}}],"collection":[{"href":"https:\/\/kartentool.diwisa.ch\/fr\/wp-json\/wp\/v2\/product"}],"about":[{"href":"https:\/\/kartentool.diwisa.ch\/fr\/wp-json\/wp\/v2\/types\/product"}],"wp:featuredmedia":[{"embeddable":true,"href":"https:\/\/kartentool.diwisa.ch\/fr\/wp-json\/wp\/v2\/media\/19022"}],"wp:attachment":[{"href":"https:\/\/kartentool.diwisa.ch\/fr\/wp-json\/wp\/v2\/media?parent=19704"}],"wp:term":[{"taxonomy":"product_brand","embeddable":true,"href":"https:\/\/kartentool.diwisa.ch\/fr\/wp-json\/wp\/v2\/product_brand?post=19704"},{"taxonomy":"product_cat","embeddable":true,"href":"https:\/\/kartentool.diwisa.ch\/fr\/wp-json\/wp\/v2\/product_cat?post=19704"},{"taxonomy":"product_tag","embeddable":true,"href":"https:\/\/kartentool.diwisa.ch\/fr\/wp-json\/wp\/v2\/product_tag?post=19704"}],"curies":[{"name":"wp","href":"https:\/\/api.w.org\/{rel}","templated":true}]}}