{"id":19296,"date":"2024-11-11T07:52:47","date_gmt":"2024-11-11T06:52:47","guid":{"rendered":"https:\/\/kartentool.diwisa.ch\/?post_type=product&#038;p=19296"},"modified":"2024-11-28T09:08:44","modified_gmt":"2024-11-28T08:08:44","slug":"depliant-thomas-henry-a5-kopie-kopie","status":"publish","type":"product","link":"https:\/\/kartentool.diwisa.ch\/fr\/produkt\/depliant-thomas-henry-a5-kopie-kopie\/","title":{"rendered":"Carte des boissons chaudes V2 | A5"},"content":{"rendered":"<h3>Carte d&rsquo;hiver de Mikk &#8211; Des moments de plaisir chaleureux pour les jours froids<\/h3>\n<p>L&rsquo;hiver est \u00e0 nos portes et quoi de mieux que de se r\u00e9chauffer avec une d\u00e9licieuse boisson chaude ? Mikks est le compagnon id\u00e9al de la saison froide et apporte des moments de plaisir chauds que vos invit\u00e9s vont adorer. D\u00e9couvrez nos best-sellers hivernaux et laissez-vous inspirer par ces recettes r\u00e9confortantes :<\/p>\n<p><strong>Nos recettes les plus vendues pour l&rsquo;hiver :<\/strong><\/p>\n<ul>\n<li><strong>Chasseur d&rsquo;hiver<\/strong>\n<ul>\n<li>5 cl de Mikks Ginger Mint<\/li>\n<li>3 cl de J\u00e4germeister<\/li>\n<li>20 cl d&rsquo;eau chaude<\/li>\n<\/ul>\n<\/li>\n<li><strong>Hot Mule<\/strong>\n<ul>\n<li>5 cl de Mikks Ginger Mint<\/li>\n<li>3 cl de vodka<\/li>\n<li>20 cl d&rsquo;eau chaude<\/li>\n<\/ul>\n<\/li>\n<li><strong>Hot Apple Mule<\/strong> (sans alcool)\n<ul>\n<li>5 cl de Mikks Ginger Mint<\/li>\n<li>4 cl de jus de pomme<\/li>\n<li>20 cl d&rsquo;eau chaude<\/li>\n<li>Cannelle<\/li>\n<\/ul>\n<\/li>\n<li><strong>Punch gingembre-orange<\/strong> (sans alcool)\n<ul>\n<li>5 cl de Mikks Ginger Mint<\/li>\n<li>4 cl de jus d&rsquo;orange<\/li>\n<li>20 cl d&rsquo;eau chaude<\/li>\n<\/ul>\n<\/li>\n<\/ul>\n<p>Nos boissons sont le choix id\u00e9al pour agr\u00e9menter les agr\u00e9ables soir\u00e9es d&rsquo;hiver. Commandez d\u00e8s maintenant votre carte d&rsquo;hiver personnalis\u00e9e Mikks et faites d\u00e9couvrir \u00e0 vos invit\u00e9s les saveurs de l&rsquo;hiver ! Pour encore plus d&rsquo;inspiration, consultez nos <a href=\"https:\/\/brands.diwisa.com\/share\/yVtMrET2ckyBdQYGqRWt\" target=\"_blank\" rel=\"noopener\">suggestions de recettes<\/a> Mikks pour l&rsquo;hiver.<\/p>\n","protected":false},"excerpt":{"rendered":"<h3>Carte hivernale de Mikk &#8211; Des boissons chaudes pour les jours froids<\/h3>\n<p>Mikks apporte des moments de plaisir chaleureux \u00e0 l&rsquo;hiver ! Nos best-sellers pour les mois froids :<\/p>\n<ul>\n<li><strong>Winter Hunter<\/strong>: 5 cl de Mikks Ginger Mint, 3 cl de J\u00e4germeister, 20 cl d&rsquo;eau chaude<\/li>\n<li><strong>Hot Mule<\/strong>: 5 cl de Mikks Ginger Mint, 3 cl de vodka, 20 cl d&rsquo;eau chaude<\/li>\n<li><strong>Hot Apple Mule<\/strong> (sans alcool) : 5 cl de Mikks Ginger Mint, 4 cl de jus de pomme, 20 cl d&rsquo;eau chaude, cannelle<\/li>\n<li><strong>Punch gingembre-orange<\/strong> (sans alcool) : 5 cl de Mikks Ginger Mint, 4 cl de jus d&rsquo;orange, 20 cl d&rsquo;eau chaude<\/li>\n<\/ul>\n<p>Parfait pour les soir\u00e9es d&rsquo;hiver confortables &#8211; profitez des saveurs de la saison froide avec Mikks !<\/p>\n","protected":false},"featured_media":19293,"template":"","meta":[],"product_brand":[],"product_cat":[400],"product_tag":[335],"class_list":{"0":"post-19296","1":"product","2":"type-product","3":"status-publish","4":"has-post-thumbnail","6":"product_cat-promotion-des-boissons-chaudes","7":"product_tag-cartes-des-drinks","8":"pa_marke-mikks-fr","9":"pa_produkttyp-cartes-des-drinks","11":"first","12":"instock","13":"featured","14":"taxable","15":"shipping-taxable","16":"purchasable","17":"product-type-simple"},"tiered_pricing_type":"fixed","tiered_pricing_fixed_rules":{"20":"5.877","50":"2.683","75":"1.954","100":"1.591","150":"1.238","200":"1.054","250":"0.949","300":"0.875","500":"0.654","750":"0.584"},"tiered_pricing_product_settings":{"layout":"default","base_unit_name":{"singular":null,"plural":null},"default_variation":null},"tiered_pricing_minimum_quantity":null,"tiered_pricing_roles_data":[],"tiered_pricing_percentage_rules":[],"tiered_pricing_maximum_quantity":null,"tiered_pricing_quantity_step":null,"_links":{"self":[{"href":"https:\/\/kartentool.diwisa.ch\/fr\/wp-json\/wp\/v2\/product\/19296","targetHints":{"allow":["GET"]}}],"collection":[{"href":"https:\/\/kartentool.diwisa.ch\/fr\/wp-json\/wp\/v2\/product"}],"about":[{"href":"https:\/\/kartentool.diwisa.ch\/fr\/wp-json\/wp\/v2\/types\/product"}],"wp:featuredmedia":[{"embeddable":true,"href":"https:\/\/kartentool.diwisa.ch\/fr\/wp-json\/wp\/v2\/media\/19293"}],"wp:attachment":[{"href":"https:\/\/kartentool.diwisa.ch\/fr\/wp-json\/wp\/v2\/media?parent=19296"}],"wp:term":[{"taxonomy":"product_brand","embeddable":true,"href":"https:\/\/kartentool.diwisa.ch\/fr\/wp-json\/wp\/v2\/product_brand?post=19296"},{"taxonomy":"product_cat","embeddable":true,"href":"https:\/\/kartentool.diwisa.ch\/fr\/wp-json\/wp\/v2\/product_cat?post=19296"},{"taxonomy":"product_tag","embeddable":true,"href":"https:\/\/kartentool.diwisa.ch\/fr\/wp-json\/wp\/v2\/product_tag?post=19296"}],"curies":[{"name":"wp","href":"https:\/\/api.w.org\/{rel}","templated":true}]}}