{"id":19137,"date":"2024-03-27T23:58:53","date_gmt":"2024-03-27T22:58:53","guid":{"rendered":"https:\/\/kartentool.diwisa.ch\/produkt\/gin-mule-karte-by-thomas-henry-schwarz\/"},"modified":"2025-09-09T08:07:58","modified_gmt":"2025-09-09T07:07:58","slug":"gin-mule-karte-by-thomas-henry-schwarz","status":"publish","type":"product","link":"https:\/\/kartentool.diwisa.ch\/fr\/produkt\/gin-mule-karte-by-thomas-henry-schwarz\/","title":{"rendered":"Carte Gin Mule by Thomas Henry &#8211; noir"},"content":{"rendered":"<p><strong>Carte Gin &amp; Mule &#8211; Une s\u00e9lection parfaite pour tous les go\u00fbts<\/strong><\/p>\n<p>Cr\u00e9ez votre propre carte de gin et de mule avec nos options exclusives ! Cette carte \u00e9l\u00e9gante vous permet de choisir vous-m\u00eame deux de vos boissons pr\u00e9f\u00e9r\u00e9es et de d\u00e9guster deux classiques que nous vous proposons. Id\u00e9ale pour tous les \u00e9v\u00e9nements, des soir\u00e9es d\u00e9contract\u00e9es aux occasions festives.<\/p>\n<p><strong>Choisissez vos propres drinks:<\/strong><\/p>\n<ul>\n<li><strong><a href=\"https:\/\/www.thomas-henry.de\/drinks\/gin-tonic\/?spirit=231&amp;sort=latest&amp;pg=2\" target=\"_blank\" rel=\"noopener\">Gin Tonic<\/a>:<\/strong> un classique ind\u00e9modable avec de l&rsquo;eau tonique fra\u00eeche Thomas Henry et une tranche de citron vert.<\/li>\n<li><a href=\"https:\/\/www.thomas-henry.de\/drinks\/moscow-mule\/?featuredproduct=121&amp;sort=latest\" target=\"_blank\" rel=\"noopener\"><strong>Le Moscow Mule :<\/strong><\/a> Un m\u00e9lange p\u00e9tillant de vodka, de Thomas Henry Ginger Beer et d&rsquo;un soup\u00e7on de citron vert.<\/li>\n<\/ul>\n<p><strong>Les classiques que nous proposons :<\/strong><\/p>\n<ul>\n<li><strong><a href=\"https:\/\/www.thomas-henry.de\/drinks\/gin-gin-mule\/?spirit=231&amp;sort=latest\" target=\"_blank\" rel=\"noopener\">Gin Mule<\/a>:<\/strong> un plaisir aromatique \u00e0 base de Thomas Henry Ginger Beer &amp; Gin<\/li>\n<li><strong><a href=\"https:\/\/www.thomas-henry.de\/drinks\/pink-ink\/\" target=\"_blank\" rel=\"noopener\">Pink Ink<\/a>:<\/strong> Gin &amp; Tonic twist\u00e9 gr\u00e2ce au Thomas Henry Cherry Blossom Tonic<\/li>\n<\/ul>\n<p>Nos cartes sont imprim\u00e9es avec une grande qualit\u00e9 et r\u00e9alis\u00e9es sur un papier robuste pour donner une impression professionnelle. Parfaites pour les bars, les restaurants et les \u00e9v\u00e9nements priv\u00e9s. Commandez d\u00e8s maintenant votre carte personnalis\u00e9e pour le gin et le mule et ajoutez une touche d&rsquo;originalit\u00e9 \u00e0 votre ap\u00e9ritif !<\/p>\n","protected":false},"excerpt":{"rendered":"<div class=\"flex-shrink-0 flex flex-col relative items-end\">\n<div>\n<div class=\"pt-0.5 juice:pt-0\">\n<div class=\"gizmo-bot-avatar flex h-6 w-6 items-center justify-center overflow-hidden rounded-full juice:h-8 juice:w-8\"><\/div>\n<\/div>\n<\/div>\n<\/div>\n<div class=\"group\/conversation-turn relative flex w-full min-w-0 flex-col agent-turn\">\n<div class=\"flex-col gap-1 md:gap-3\">\n<div class=\"flex flex-grow flex-col max-w-full\">\n<div class=\"min-h-[20px] text-message flex flex-col items-start whitespace-pre-wrap break-words [.text-message+&amp;]:mt-5 juice:w-full juice:items-end overflow-x-auto gap-2\" dir=\"auto\" data-message-author-role=\"assistant\" data-message-id=\"61776d39-972f-4731-b04b-87735a4d3c7c\">\n<div class=\"flex w-full flex-col gap-1 juice:empty:hidden juice:first:pt-[3px]\">\n<div class=\"markdown prose w-full break-words dark:prose-invert light\">\n<div class=\"flex-shrink-0 flex flex-col relative items-end\">\n<div>\n<div class=\"pt-0.5 juice:pt-0\">\n<div class=\"gizmo-bot-avatar flex h-6 w-6 items-center justify-center overflow-hidden rounded-full juice:h-8 juice:w-8\">\n<div class=\"relative p-1 rounded-sm flex items-center justify-center bg-token-main-surface-primary text-token-text-primary h-8 w-8\"><strong>Carte Gin Mule &#8211; Individuelle et exclusive<\/strong><\/div>\n<\/div>\n<\/div>\n<\/div>\n<\/div>\n<div class=\"group\/conversation-turn relative flex w-full min-w-0 flex-col agent-turn\">\n<div class=\"flex-col gap-1 md:gap-3\">\n<div class=\"flex flex-grow flex-col max-w-full\">\n<div class=\"min-h-[20px] text-message flex flex-col items-start whitespace-pre-wrap break-words [.text-message+&amp;]:mt-5 juice:w-full juice:items-end overflow-x-auto gap-2\" dir=\"auto\" data-message-author-role=\"assistant\" data-message-id=\"61776d39-972f-4731-b04b-87735a4d3c7c\">\n<div class=\"flex w-full flex-col gap-1 juice:empty:hidden juice:first:pt-[3px]\">\n<div class=\"markdown prose w-full break-words dark:prose-invert light\">\n<p>Cr\u00e9ez votre propre carte de gin et de mule ! D\u00e9terminez vous-m\u00eame deux boissons et choisissez parmi les variantes pr\u00e9d\u00e9finies avec Thomas Henry :<\/p>\n<ul>\n<li><strong><a href=\"https:\/\/www.thomas-henry.de\/drinks\/gin-tonic\/?spirit=231&amp;sort=latest&amp;pg=2\" target=\"_blank\" rel=\"noopener\">Gin Tonic<\/a><\/strong> avec Thomas Henry Tonic Water<\/li>\n<li><strong><a href=\"https:\/\/www.thomas-henry.de\/drinks\/moscow-mule\/?featuredproduct=121&amp;sort=latest\" target=\"_blank\" rel=\"noopener\">Mule de Moscou :<\/a><\/strong> avec Thomas Henry Ginger Beer<\/li>\n<li><strong><a href=\"https:\/\/www.thomas-henry.de\/drinks\/gin-gin-mule\/?spirit=231&amp;sort=latest\" target=\"_blank\" rel=\"noopener\">Gin Mule<\/a><\/strong> avec Thomas Henry Ginger Beer<\/li>\n<li><strong><a href=\"https:\/\/www.thomas-henry.de\/drinks\/pink-ink\/\" target=\"_blank\" rel=\"noopener\">Encre rose<\/a> <\/strong>avec Thomas Henry Cherry Blossom Tonic<\/li>\n<\/ul>\n<\/div>\n<\/div>\n<\/div>\n<\/div>\n<\/div>\n<\/div>\n<\/div>\n<\/div>\n<\/div>\n<\/div>\n<\/div>\n<\/div>\n","protected":false},"featured_media":19026,"template":"","meta":[],"product_brand":[],"product_cat":[339,332],"product_tag":[335],"class_list":{"0":"post-19137","1":"product","2":"type-product","3":"status-publish","4":"has-post-thumbnail","6":"product_cat-cartes-promotionnelles-gin-mule","7":"product_cat-promotion-thomas-henry-fr","8":"product_tag-cartes-des-drinks","10":"first","11":"instock","12":"taxable","13":"shipping-taxable","14":"purchasable","15":"product-type-simple"},"tiered_pricing_type":"fixed","tiered_pricing_fixed_rules":{"20":"5.877","50":"2.683","75":"1.954","100":"1.591","150":"1.238","200":"1.054","250":"0.949","300":"0.875","500":"0.654","750":"0.584"},"tiered_pricing_product_settings":{"layout":"default","base_unit_name":{"singular":null,"plural":null},"default_variation":null},"tiered_pricing_minimum_quantity":10,"tiered_pricing_roles_data":[],"tiered_pricing_percentage_rules":[],"tiered_pricing_maximum_quantity":null,"tiered_pricing_quantity_step":null,"_links":{"self":[{"href":"https:\/\/kartentool.diwisa.ch\/fr\/wp-json\/wp\/v2\/product\/19137","targetHints":{"allow":["GET"]}}],"collection":[{"href":"https:\/\/kartentool.diwisa.ch\/fr\/wp-json\/wp\/v2\/product"}],"about":[{"href":"https:\/\/kartentool.diwisa.ch\/fr\/wp-json\/wp\/v2\/types\/product"}],"wp:featuredmedia":[{"embeddable":true,"href":"https:\/\/kartentool.diwisa.ch\/fr\/wp-json\/wp\/v2\/media\/19026"}],"wp:attachment":[{"href":"https:\/\/kartentool.diwisa.ch\/fr\/wp-json\/wp\/v2\/media?parent=19137"}],"wp:term":[{"taxonomy":"product_brand","embeddable":true,"href":"https:\/\/kartentool.diwisa.ch\/fr\/wp-json\/wp\/v2\/product_brand?post=19137"},{"taxonomy":"product_cat","embeddable":true,"href":"https:\/\/kartentool.diwisa.ch\/fr\/wp-json\/wp\/v2\/product_cat?post=19137"},{"taxonomy":"product_tag","embeddable":true,"href":"https:\/\/kartentool.diwisa.ch\/fr\/wp-json\/wp\/v2\/product_tag?post=19137"}],"curies":[{"name":"wp","href":"https:\/\/api.w.org\/{rel}","templated":true}]}}