{"id":19128,"date":"2024-04-17T22:24:50","date_gmt":"2024-04-17T21:24:50","guid":{"rendered":"https:\/\/kartentool.diwisa.ch\/produkt\/flyer-thomas-henry-a6\/"},"modified":"2024-11-28T09:39:27","modified_gmt":"2024-11-28T08:39:27","slug":"flyer-thomas-henry-a6","status":"publish","type":"product","link":"https:\/\/kartentool.diwisa.ch\/fr\/produkt\/flyer-thomas-henry-a6\/","title":{"rendered":"Flyer Thomas Henry | A6"},"content":{"rendered":"<p><strong>Thomas Henry pr\u00e9sente : Tes boissons d&rsquo;\u00e9t\u00e9 pour les jours de grande chaleur<\/strong><\/p>\n<p>L&rsquo;\u00e9t\u00e9 est \u00e0 nos portes et quoi de mieux que de se rafra\u00eechir avec une boisson fra\u00eeche ? Avec le design Thomas Henry, vous pouvez composer vos propres boissons estivales et les m\u00e9langer avec les produits de qualit\u00e9 Thomas Henry. Cette possibilit\u00e9 unique n&rsquo;apporte pas seulement de la fra\u00eecheur, mais aussi une diversit\u00e9 de go\u00fbts qui enrichit chaque f\u00eate d&rsquo;\u00e9t\u00e9. Composez vous-m\u00eame trois boissons :<\/p>\n<p><strong>Drink<\/strong><\/p>\n<ul>\n<li>Ingr\u00e9dients 1<\/li>\n<li>Ingr\u00e9dients 2<\/li>\n<li>CHF XX.-<\/li>\n<\/ul>\n<p>Cr\u00e9ez vos boissons selon vos go\u00fbts et m\u00e9langez-les avec les produits de premi\u00e8re qualit\u00e9 de Thomas Henry. Qu&rsquo;elles soient fruit\u00e9es, p\u00e9tillantes ou rafra\u00eechissantes, Thomas Henry offre la base parfaite pour vos cr\u00e9ations estivales cr\u00e9atives. Laissez-vous inspirer par la qualit\u00e9 et la diversit\u00e9 et profitez des journ\u00e9es ensoleill\u00e9es avec vos boissons mix\u00e9es individuellement. D\u00e9couvrez les possibilit\u00e9s et rafra\u00eechissez-vous avec les d\u00e9licieuses cr\u00e9ations avec Thomas Henry.<\/p>\n","protected":false},"excerpt":{"rendered":"<p>Cr\u00e9ez vos boissons selon vos go\u00fbts et m\u00e9langez-les avec les produits de premi\u00e8re qualit\u00e9 de Thomas Henry. Qu&rsquo;ils soient fruit\u00e9s, p\u00e9tillants ou rafra\u00eechissants, Thomas Henry offre la base parfaite pour vos cr\u00e9ations estivales cr\u00e9atives. Le design est \u00e9galement assorti<\/p>\n","protected":false},"featured_media":18841,"template":"","meta":[],"product_brand":[],"product_cat":[332],"product_tag":[333],"class_list":{"0":"post-19128","1":"product","2":"type-product","3":"status-publish","4":"has-post-thumbnail","6":"product_cat-promotion-thomas-henry-fr","7":"product_tag-flyer-fr","8":"pa_marke-thomas-henry-fr","9":"pa_produkttyp-flyer-fr","11":"first","12":"instock","13":"featured","14":"taxable","15":"shipping-taxable","16":"purchasable","17":"product-type-simple"},"tiered_pricing_type":"fixed","tiered_pricing_fixed_rules":{"20":"5.877","50":"2.683","75":"1.954","100":"1.591","150":"1.238","200":"1.054","250":"0.949","300":"0.875","500":"0.654","750":"0.584"},"tiered_pricing_product_settings":{"layout":"default","base_unit_name":{"singular":null,"plural":null},"default_variation":null},"tiered_pricing_minimum_quantity":null,"tiered_pricing_roles_data":[],"tiered_pricing_percentage_rules":[],"tiered_pricing_maximum_quantity":null,"tiered_pricing_quantity_step":null,"_links":{"self":[{"href":"https:\/\/kartentool.diwisa.ch\/fr\/wp-json\/wp\/v2\/product\/19128","targetHints":{"allow":["GET"]}}],"collection":[{"href":"https:\/\/kartentool.diwisa.ch\/fr\/wp-json\/wp\/v2\/product"}],"about":[{"href":"https:\/\/kartentool.diwisa.ch\/fr\/wp-json\/wp\/v2\/types\/product"}],"wp:featuredmedia":[{"embeddable":true,"href":"https:\/\/kartentool.diwisa.ch\/fr\/wp-json\/wp\/v2\/media\/18841"}],"wp:attachment":[{"href":"https:\/\/kartentool.diwisa.ch\/fr\/wp-json\/wp\/v2\/media?parent=19128"}],"wp:term":[{"taxonomy":"product_brand","embeddable":true,"href":"https:\/\/kartentool.diwisa.ch\/fr\/wp-json\/wp\/v2\/product_brand?post=19128"},{"taxonomy":"product_cat","embeddable":true,"href":"https:\/\/kartentool.diwisa.ch\/fr\/wp-json\/wp\/v2\/product_cat?post=19128"},{"taxonomy":"product_tag","embeddable":true,"href":"https:\/\/kartentool.diwisa.ch\/fr\/wp-json\/wp\/v2\/product_tag?post=19128"}],"curies":[{"name":"wp","href":"https:\/\/api.w.org\/{rel}","templated":true}]}}