{"id":19013,"date":"2020-12-22T16:07:56","date_gmt":"2020-12-22T15:07:56","guid":{"rendered":"https:\/\/kartentool.diwisa.ch\/mentions-legales\/"},"modified":"2024-11-28T10:24:38","modified_gmt":"2024-11-28T09:24:38","slug":"mentions-legales","status":"publish","type":"page","link":"https:\/\/kartentool.diwisa.ch\/fr\/mentions-legales\/","title":{"rendered":"Mentions l\u00e9gales"},"content":{"rendered":"\t\t<div data-elementor-type=\"wp-page\" data-elementor-id=\"19013\" class=\"elementor elementor-19013 elementor-26\" data-elementor-post-type=\"page\">\n\t\t\t\t<div class=\"wd-negative-gap elementor-element elementor-element-eb87326 e-flex e-con-boxed e-con e-parent\" data-id=\"eb87326\" data-element_type=\"container\" data-e-type=\"container\">\n\t\t\t\t\t<div class=\"e-con-inner\">\n\t\t\t\t<div class=\"elementor-element elementor-element-0b0631e elementor-widget elementor-widget-global elementor-global-18934 elementor-global-8996 elementor-widget-spacer\" data-id=\"0b0631e\" data-element_type=\"widget\" data-e-type=\"widget\" data-widget_type=\"spacer.default\">\n\t\t\t\t<div class=\"elementor-widget-container\">\n\t\t\t\t\t\t\t<div class=\"elementor-spacer\">\n\t\t\t<div class=\"elementor-spacer-inner\"><\/div>\n\t\t<\/div>\n\t\t\t\t\t\t<\/div>\n\t\t\t\t<\/div>\n\t\t\t\t<div class=\"elementor-element elementor-element-55f8459 elementor-widget elementor-widget-heading\" data-id=\"55f8459\" data-element_type=\"widget\" data-e-type=\"widget\" data-widget_type=\"heading.default\">\n\t\t\t\t<div class=\"elementor-widget-container\">\n\t\t\t\t\t<h1 class=\"elementor-heading-title elementor-size-default\">Mentions l\u00e9gales  <\/h1>\t\t\t\t<\/div>\n\t\t\t\t<\/div>\n\t\t\t\t<div class=\"elementor-element elementor-element-d7134dd elementor-widget elementor-widget-spacer\" data-id=\"d7134dd\" data-element_type=\"widget\" data-e-type=\"widget\" data-widget_type=\"spacer.default\">\n\t\t\t\t<div class=\"elementor-widget-container\">\n\t\t\t\t\t\t\t<div class=\"elementor-spacer\">\n\t\t\t<div class=\"elementor-spacer-inner\"><\/div>\n\t\t<\/div>\n\t\t\t\t\t\t<\/div>\n\t\t\t\t<\/div>\n\t\t\t\t\t<\/div>\n\t\t\t\t<\/div>\n\t\t<div class=\"wd-negative-gap elementor-element elementor-element-1c76e4a e-flex e-con-boxed e-con e-parent\" data-id=\"1c76e4a\" data-element_type=\"container\" data-e-type=\"container\">\n\t\t\t\t\t<div class=\"e-con-inner\">\n\t\t<div class=\"elementor-element elementor-element-b1de5eb e-con-full e-flex e-con e-child\" data-id=\"b1de5eb\" data-element_type=\"container\" data-e-type=\"container\">\n\t\t\t\t<div class=\"elementor-element elementor-element-04b66bc elementor-widget__width-auto elementor-widget elementor-widget-wd_text_block\" data-id=\"04b66bc\" data-element_type=\"widget\" data-e-type=\"widget\" data-widget_type=\"wd_text_block.default\">\n\t\t\t\t<div class=\"elementor-widget-container\">\n\t\t\t\t\t\t\t<div class=\"wd-text-block reset-last-child text-left\">\n\t\t\t\n\t\t\t<p><strong>Adresse de contact<\/strong><br>DIWISA AG<br>Menznauerstrasse 23<br>6130 Willisau<\/p><p>T\u00e9l\u00e9phone +41 41 972 72 72<br><a href=\"mailto:info@diwisa.ch\" target=\"_blank\" rel=\"noopener\">info@diwisa.ch<\/a><\/p><p><strong>Inscription au registre du commerce<\/strong><br>Num\u00e9ro : CH-100-3005384-0<br>Office du registre du commerce du canton de Lucerne<\/p><p><strong>Num\u00e9ro de TVA<br><\/strong>CHE-101.803.195<\/p><p><strong>Conception, mise en page et programmation<\/strong><br>Bacher PrePress AG<br>Gewerbering 1<br>6105 Schachen<\/p><p>T\u00e9l\u00e9phone +41 41 498 09 88<br><a href=\"https:\/\/www.bacher.swiss\/\" target=\"_blank\" rel=\"noopener\">www.bacher.swiss<\/a><\/p>\n\t\t\t\t\t<\/div>\n\t\t\t\t\t\t<\/div>\n\t\t\t\t<\/div>\n\t\t\t\t<\/div>\n\t\t<div class=\"elementor-element elementor-element-2b0ba10 e-con-full e-flex e-con e-child\" data-id=\"2b0ba10\" data-element_type=\"container\" data-e-type=\"container\">\n\t\t\t\t<div class=\"elementor-element elementor-element-4ef74a3 elementor-widget__width-auto elementor-widget elementor-widget-wd_text_block\" data-id=\"4ef74a3\" data-element_type=\"widget\" data-e-type=\"widget\" data-widget_type=\"wd_text_block.default\">\n\t\t\t\t<div class=\"elementor-widget-container\">\n\t\t\t\t\t\t\t<div class=\"wd-text-block reset-last-child text-left\">\n\t\t\t\n\t\t\t<p><strong>Clause de non-responsabilit\u00e9<\/strong><br>L'auteur n'assume aucune responsabilit\u00e9 quant \u00e0 la v\u00e9racit\u00e9, l'exactitude, l'actualit\u00e9, la fiabilit\u00e9 et l'exhaustivit\u00e9 du contenu des informations. L'auteur ne saurait \u00eatre tenu pour responsable des dommages mat\u00e9riels ou immat\u00e9riels qui pourraient \u00eatre caus\u00e9s par l'acc\u00e8s aux informations diffus\u00e9es ou par leur utilisation ou non-utilisation, par le mauvais usage de la connexion ou par des probl\u00e8mes techniques.<\/p><p>Toutes les offres sont sans engagement. L'auteur se r\u00e9serve express\u00e9ment le droit de modifier, de compl\u00e9ter ou de supprimer des parties de pages ou l'ensemble de l'offre sans avis pr\u00e9alable, ou d'en suspendre temporairement ou d\u00e9finitivement la publication.<\/p><p><strong>Responsabilit\u00e9 pour les liens<\/strong><br>Les r\u00e9f\u00e9rences et les liens vers des sites Web de tiers ne rel\u00e8vent pas de notre responsabilit\u00e9. Nous d\u00e9clinons toute responsabilit\u00e9 pour de tels sites. L'acc\u00e8s \u00e0 ces sites et leur utilisation se font aux risques et p\u00e9rils de l'utilisateur.<\/p><p><strong>Droits d'auteur<\/strong><br>Les droits d'auteur et tous les autres droits li\u00e9s aux contenus, images, photos ou autres fichiers pr\u00e9sents sur le site Internet appartiennent exclusivement \u00e0 la soci\u00e9t\u00e9 Bacher PrePress AG ou aux titulaires de droits sp\u00e9cialement cit\u00e9s. La reproduction de tout \u00e9l\u00e9ment doit faire l'objet d'une autorisation \u00e9crite pr\u00e9alable des titulaires des droits d'auteur.<\/p>\n\t\t\t\t\t<\/div>\n\t\t\t\t\t\t<\/div>\n\t\t\t\t<\/div>\n\t\t\t\t<\/div>\n\t\t\t\t\t<\/div>\n\t\t\t\t<\/div>\n\t\t\t\t<\/div>\n\t\t","protected":false},"excerpt":{"rendered":"<p>Mentions l\u00e9gales Adresse de contactDIWISA AGMenznauerstrasse 236130 Willisau T\u00e9l\u00e9phone +41 41 972 72 72info@diwisa.ch Inscription au registre du commerceNum\u00e9ro :<\/p>\n","protected":false},"author":1,"featured_media":0,"parent":0,"menu_order":11030,"comment_status":"closed","ping_status":"closed","template":"","meta":{"footnotes":""},"class_list":["post-19013","page","type-page","status-publish","hentry"],"_links":{"self":[{"href":"https:\/\/kartentool.diwisa.ch\/fr\/wp-json\/wp\/v2\/pages\/19013","targetHints":{"allow":["GET"]}}],"collection":[{"href":"https:\/\/kartentool.diwisa.ch\/fr\/wp-json\/wp\/v2\/pages"}],"about":[{"href":"https:\/\/kartentool.diwisa.ch\/fr\/wp-json\/wp\/v2\/types\/page"}],"author":[{"embeddable":true,"href":"https:\/\/kartentool.diwisa.ch\/fr\/wp-json\/wp\/v2\/users\/1"}],"replies":[{"embeddable":true,"href":"https:\/\/kartentool.diwisa.ch\/fr\/wp-json\/wp\/v2\/comments?post=19013"}],"version-history":[{"count":2,"href":"https:\/\/kartentool.diwisa.ch\/fr\/wp-json\/wp\/v2\/pages\/19013\/revisions"}],"predecessor-version":[{"id":19328,"href":"https:\/\/kartentool.diwisa.ch\/fr\/wp-json\/wp\/v2\/pages\/19013\/revisions\/19328"}],"wp:attachment":[{"href":"https:\/\/kartentool.diwisa.ch\/fr\/wp-json\/wp\/v2\/media?parent=19013"}],"curies":[{"name":"wp","href":"https:\/\/api.w.org\/{rel}","templated":true}]}}