{"id":18986,"date":"2021-09-10T12:04:32","date_gmt":"2021-09-10T11:04:32","guid":{"rendered":"https:\/\/kartentool.diwisa.ch\/page-daccueil\/"},"modified":"2025-03-24T22:39:48","modified_gmt":"2025-03-24T21:39:48","slug":"page-daccueil","status":"publish","type":"page","link":"https:\/\/kartentool.diwisa.ch\/fr\/","title":{"rendered":"Page d&rsquo;accueil"},"content":{"rendered":"\t\t<div data-elementor-type=\"wp-page\" data-elementor-id=\"18986\" class=\"elementor elementor-18986 elementor-3411\" data-elementor-post-type=\"page\">\n\t\t\t\t<div class=\"wd-negative-gap elementor-element elementor-element-d2d6506 wd-section-stretch e-flex e-con-boxed e-con e-parent\" data-id=\"d2d6506\" data-element_type=\"container\" data-e-type=\"container\">\n\t\t\t\t\t<div class=\"e-con-inner\">\n\t\t<div class=\"elementor-element elementor-element-f9566a0 e-con-full e-flex e-con e-child\" data-id=\"f9566a0\" data-element_type=\"container\" data-e-type=\"container\">\n\t\t\t\t<div class=\"elementor-element elementor-element-e13c9ec wd-width-100 elementor-widget elementor-widget-wd_title\" data-id=\"e13c9ec\" data-element_type=\"widget\" data-e-type=\"widget\" data-widget_type=\"wd_title.default\">\n\t\t\t\t<div class=\"elementor-widget-container\">\n\t\t\t\t\t\t\t<div class=\"title-wrapper wd-set-mb reset-last-child wd-title-color-default wd-title-style-default wd-title-size-large text-center\">\n\n\t\t\t\n\t\t\t<div class=\"liner-continer\">\n\t\t\t\t<h1 class=\"woodmart-title-container title wd-fontsize-xxl\">Produits imprim\u00e9s pour le secteur de la restauration<\/h1> \n\t\t\t\t\t\t\t<\/div>\n\n\t\t\t\t\t\t\t<div class=\"title-after_title reset-last-child wd-fontsize-s\">\n\t\t\t\t\t<p>Cartes de menu, et cartes de boissons de haute qualit\u00e9 pour les restaurants, les bars et les caf\u00e9s.<br \/>\nPersonnalisables et organis\u00e9es par th\u00e8me.<br \/>\nAvec des contenus de marque, m\u00eame \u00e0 prix r\u00e9duit.<br \/>\nCommandez d\u00e8s maintenant pour une pr\u00e9sentation professionnelle !   <\/p>\t\t\t\t<\/div>\n\t\t\t\t\t<\/div>\n\t\t\t\t\t\t<\/div>\n\t\t\t\t<\/div>\n\t\t\t\t<\/div>\n\t\t\t\t\t<\/div>\n\t\t\t\t<\/div>\n\t\t<div class=\"wd-negative-gap elementor-element elementor-element-3d150cc e-flex e-con-boxed e-con e-parent\" data-id=\"3d150cc\" data-element_type=\"container\" data-e-type=\"container\">\n\t\t\t\t\t<div class=\"e-con-inner\">\n\t\t\t\t<div class=\"elementor-element elementor-element-2ec044d wd-width-100 wd-nav-accordion-mb-on elementor-widget elementor-widget-wd_product_categories\" data-id=\"2ec044d\" data-element_type=\"widget\" data-e-type=\"widget\" data-widget_type=\"wd_product_categories.default\">\n\t\t\t\t<div class=\"elementor-widget-container\">\n\t\t\t\t\t\t\t\t\t\t\t\t\t\t\n\t\t\t\t<div class=\"wd-cats-element\">\n\t\t\t\t\t<div class=\"wd-grid-g wd-cats products columns-2 elements-grid\" style=\"--wd-col-lg:2;--wd-col-md:2;--wd-col-sm:1;--wd-gap-lg:20px;--wd-gap-sm:10px;\">\n\t\t\t\t\t\t\t\t\t\t\t\t\t\n<div class=\"wd-col category-grid-item wd-cat cat-design-center wd-with-subcat product-category product first\" data-loop=\"1\">\n\t\n\t<div class=\"wd-cat-inner wrapp-category\">\n\t\t<div class=\"wd-cat-thumb category-image-wrapp\">\n\t\t\t<a class=\"wd-cat-image category-image\" href=\"https:\/\/kartentool.diwisa.ch\/fr\/produkt-kategorie\/apero-promotionnel-carte\/\" aria-label=\"Ap\u00e9ro promotionnel Carte\">\n\t\t\t\t\n\t\t\t\t<img decoding=\"async\" width=\"800\" height=\"800\" src=\"https:\/\/kartentool.diwisa.ch\/wp-content\/uploads\/2024\/07\/Aperitivo-800x800.png\" class=\"attachment-large size-large\" alt=\"\" srcset=\"https:\/\/kartentool.diwisa.ch\/wp-content\/uploads\/2024\/07\/Aperitivo-800x800.png 800w, https:\/\/kartentool.diwisa.ch\/wp-content\/uploads\/2024\/07\/Aperitivo-300x300.png 300w, https:\/\/kartentool.diwisa.ch\/wp-content\/uploads\/2024\/07\/Aperitivo-150x150.png 150w, https:\/\/kartentool.diwisa.ch\/wp-content\/uploads\/2024\/07\/Aperitivo-768x768.png 768w, https:\/\/kartentool.diwisa.ch\/wp-content\/uploads\/2024\/07\/Aperitivo-430x430.png 430w, https:\/\/kartentool.diwisa.ch\/wp-content\/uploads\/2024\/07\/Aperitivo-700x700.png 700w, https:\/\/kartentool.diwisa.ch\/wp-content\/uploads\/2024\/07\/Aperitivo-140x140.png 140w, https:\/\/kartentool.diwisa.ch\/wp-content\/uploads\/2024\/07\/Aperitivo-32x32.png 32w, https:\/\/kartentool.diwisa.ch\/wp-content\/uploads\/2024\/07\/Aperitivo.png 1080w\" sizes=\"(max-width: 800px) 100vw, 800px\">\t\t\t<\/a>\n\t\t<\/div>\n\t\t<div class=\"wd-cat-content hover-mask\">\n\t\t\t<h3 class=\"wd-entities-title\">\n\t\t\t\tAp\u00e9ro promotionnel Carte\t\t\t<\/h3>\n\n\t\t\t\t\t\t\t<div class=\"wd-cat-count more-products\">\n\t\t\t\t\t<a href=\"https:\/\/kartentool.diwisa.ch\/fr\/produkt-kategorie\/apero-promotionnel-carte\/\">\n\t\t\t\t\t8 products\t\t\t\t\t<\/a>\n\t\t\t\t<\/div>\n\t\t\t\n\t\t\t\t\t<\/div>\n\n\t\t\t\t<a class=\"wd-fill category-link\" href=\"https:\/\/kartentool.diwisa.ch\/fr\/produkt-kategorie\/apero-promotionnel-carte\/\" aria-label=\"Product category apero-promotionnel-carte\"><\/a>\n\t\t\t<\/div>\n\n\t<\/div>\n\t\t\t\t\t\t\t\t\t\t\t\t\t\n<div class=\"wd-col category-grid-item wd-cat cat-design-center wd-with-subcat product-category product\" data-loop=\"2\">\n\t\n\t<div class=\"wd-cat-inner wrapp-category\">\n\t\t<div class=\"wd-cat-thumb category-image-wrapp\">\n\t\t\t<a class=\"wd-cat-image category-image\" href=\"https:\/\/kartentool.diwisa.ch\/fr\/produkt-kategorie\/promotion-trojka-fr\/\" aria-label=\"Promotion Trojka\">\n\t\t\t\t\n\t\t\t\t<img decoding=\"async\" width=\"800\" height=\"800\" src=\"https:\/\/kartentool.diwisa.ch\/wp-content\/uploads\/2024\/12\/Trojka-vodka-1-2-800x800.png\" class=\"attachment-large size-large\" alt=\"\" srcset=\"https:\/\/kartentool.diwisa.ch\/wp-content\/uploads\/2024\/12\/Trojka-vodka-1-2-800x800.png 800w, https:\/\/kartentool.diwisa.ch\/wp-content\/uploads\/2024\/12\/Trojka-vodka-1-2-300x300.png 300w, https:\/\/kartentool.diwisa.ch\/wp-content\/uploads\/2024\/12\/Trojka-vodka-1-2-150x150.png 150w, https:\/\/kartentool.diwisa.ch\/wp-content\/uploads\/2024\/12\/Trojka-vodka-1-2-768x768.png 768w, https:\/\/kartentool.diwisa.ch\/wp-content\/uploads\/2024\/12\/Trojka-vodka-1-2-430x430.png 430w, https:\/\/kartentool.diwisa.ch\/wp-content\/uploads\/2024\/12\/Trojka-vodka-1-2-700x700.png 700w, https:\/\/kartentool.diwisa.ch\/wp-content\/uploads\/2024\/12\/Trojka-vodka-1-2-140x140.png 140w, https:\/\/kartentool.diwisa.ch\/wp-content\/uploads\/2024\/12\/Trojka-vodka-1-2-32x32.png 32w, https:\/\/kartentool.diwisa.ch\/wp-content\/uploads\/2024\/12\/Trojka-vodka-1-2.png 1333w\" sizes=\"(max-width: 800px) 100vw, 800px\">\t\t\t<\/a>\n\t\t<\/div>\n\t\t<div class=\"wd-cat-content hover-mask\">\n\t\t\t<h3 class=\"wd-entities-title\">\n\t\t\t\tPromotion Trojka\t\t\t<\/h3>\n\n\t\t\t\t\t\t\t<div class=\"wd-cat-count more-products\">\n\t\t\t\t\t<a href=\"https:\/\/kartentool.diwisa.ch\/fr\/produkt-kategorie\/promotion-trojka-fr\/\">\n\t\t\t\t\t20 products\t\t\t\t\t<\/a>\n\t\t\t\t<\/div>\n\t\t\t\n\t\t\t\t\t<\/div>\n\n\t\t\t\t<a class=\"wd-fill category-link\" href=\"https:\/\/kartentool.diwisa.ch\/fr\/produkt-kategorie\/promotion-trojka-fr\/\" aria-label=\"Product category promotion-trojka-fr\"><\/a>\n\t\t\t<\/div>\n\n\t<\/div>\n\t\t\t\t\t\t\t\t\t\t\t\t\t\n<div class=\"wd-col category-grid-item wd-cat cat-design-center wd-with-subcat product-category product last\" data-loop=\"3\">\n\t\n\t<div class=\"wd-cat-inner wrapp-category\">\n\t\t<div class=\"wd-cat-thumb category-image-wrapp\">\n\t\t\t<a class=\"wd-cat-image category-image\" href=\"https:\/\/kartentool.diwisa.ch\/fr\/produkt-kategorie\/promotion-thomas-henry-fr\/\" aria-label=\"Promotion Thomas Henry\">\n\t\t\t\t\n\t\t\t\t<img decoding=\"async\" width=\"800\" height=\"800\" src=\"https:\/\/kartentool.diwisa.ch\/wp-content\/uploads\/2024\/07\/2-800x800.png\" class=\"attachment-large size-large\" alt=\"\" srcset=\"https:\/\/kartentool.diwisa.ch\/wp-content\/uploads\/2024\/07\/2-800x800.png 800w, https:\/\/kartentool.diwisa.ch\/wp-content\/uploads\/2024\/07\/2-300x300.png 300w, https:\/\/kartentool.diwisa.ch\/wp-content\/uploads\/2024\/07\/2-150x150.png 150w, https:\/\/kartentool.diwisa.ch\/wp-content\/uploads\/2024\/07\/2-768x768.png 768w, https:\/\/kartentool.diwisa.ch\/wp-content\/uploads\/2024\/07\/2-430x430.png 430w, https:\/\/kartentool.diwisa.ch\/wp-content\/uploads\/2024\/07\/2-700x700.png 700w, https:\/\/kartentool.diwisa.ch\/wp-content\/uploads\/2024\/07\/2-140x140.png 140w, https:\/\/kartentool.diwisa.ch\/wp-content\/uploads\/2024\/07\/2-32x32.png 32w, https:\/\/kartentool.diwisa.ch\/wp-content\/uploads\/2024\/07\/2.png 1080w\" sizes=\"(max-width: 800px) 100vw, 800px\">\t\t\t<\/a>\n\t\t<\/div>\n\t\t<div class=\"wd-cat-content hover-mask\">\n\t\t\t<h3 class=\"wd-entities-title\">\n\t\t\t\tPromotion Thomas Henry\t\t\t<\/h3>\n\n\t\t\t\t\t\t\t<div class=\"wd-cat-count more-products\">\n\t\t\t\t\t<a href=\"https:\/\/kartentool.diwisa.ch\/fr\/produkt-kategorie\/promotion-thomas-henry-fr\/\">\n\t\t\t\t\t15 products\t\t\t\t\t<\/a>\n\t\t\t\t<\/div>\n\t\t\t\n\t\t\t\t\t<\/div>\n\n\t\t\t\t<a class=\"wd-fill category-link\" href=\"https:\/\/kartentool.diwisa.ch\/fr\/produkt-kategorie\/promotion-thomas-henry-fr\/\" aria-label=\"Product category promotion-thomas-henry-fr\"><\/a>\n\t\t\t<\/div>\n\n\t<\/div>\n\t\t\t\t\t\t\t\t\t\t\t\t\t\n<div class=\"wd-col category-grid-item wd-cat cat-design-center wd-with-subcat product-category product first\" data-loop=\"4\">\n\t\n\t<div class=\"wd-cat-inner wrapp-category\">\n\t\t<div class=\"wd-cat-thumb category-image-wrapp\">\n\t\t\t<a class=\"wd-cat-image category-image\" href=\"https:\/\/kartentool.diwisa.ch\/fr\/produkt-kategorie\/cartes-promotionnelles-gin-mule\/\" aria-label=\"Cartes promotionnelles Gin Mule\">\n\t\t\t\t\n\t\t\t\t<img decoding=\"async\" width=\"800\" height=\"800\" src=\"https:\/\/kartentool.diwisa.ch\/wp-content\/uploads\/2024\/07\/gin-mule-800x800.jpg\" class=\"attachment-large size-large\" alt=\"\" srcset=\"https:\/\/kartentool.diwisa.ch\/wp-content\/uploads\/2024\/07\/gin-mule-800x800.jpg 800w, https:\/\/kartentool.diwisa.ch\/wp-content\/uploads\/2024\/07\/gin-mule-300x300.jpg 300w, https:\/\/kartentool.diwisa.ch\/wp-content\/uploads\/2024\/07\/gin-mule-150x150.jpg 150w, https:\/\/kartentool.diwisa.ch\/wp-content\/uploads\/2024\/07\/gin-mule-768x768.jpg 768w, https:\/\/kartentool.diwisa.ch\/wp-content\/uploads\/2024\/07\/gin-mule-430x430.jpg 430w, https:\/\/kartentool.diwisa.ch\/wp-content\/uploads\/2024\/07\/gin-mule-700x700.jpg 700w, https:\/\/kartentool.diwisa.ch\/wp-content\/uploads\/2024\/07\/gin-mule-140x140.jpg 140w, https:\/\/kartentool.diwisa.ch\/wp-content\/uploads\/2024\/07\/gin-mule-32x32.jpg 32w, https:\/\/kartentool.diwisa.ch\/wp-content\/uploads\/2024\/07\/gin-mule.jpg 1024w\" sizes=\"(max-width: 800px) 100vw, 800px\">\t\t\t<\/a>\n\t\t<\/div>\n\t\t<div class=\"wd-cat-content hover-mask\">\n\t\t\t<h3 class=\"wd-entities-title\">\n\t\t\t\tCartes promotionnelles Gin Mule\t\t\t<\/h3>\n\n\t\t\t\t\t\t\t<div class=\"wd-cat-count more-products\">\n\t\t\t\t\t<a href=\"https:\/\/kartentool.diwisa.ch\/fr\/produkt-kategorie\/cartes-promotionnelles-gin-mule\/\">\n\t\t\t\t\t1 product\t\t\t\t\t<\/a>\n\t\t\t\t<\/div>\n\t\t\t\n\t\t\t\t\t<\/div>\n\n\t\t\t\t<a class=\"wd-fill category-link\" href=\"https:\/\/kartentool.diwisa.ch\/fr\/produkt-kategorie\/cartes-promotionnelles-gin-mule\/\" aria-label=\"Product category cartes-promotionnelles-gin-mule\"><\/a>\n\t\t\t<\/div>\n\n\t<\/div>\n\t\t\t\t\t\t\t\t\t\t\t<\/div>\n\t\t\t\t<\/div>\n\t\t\t\t\t\t\t\t\t\t\t<\/div>\n\t\t\t\t<\/div>\n\t\t\t\t\t<\/div>\n\t\t\t\t<\/div>\n\t\t\t\t<\/div>\n\t\t","protected":false},"excerpt":{"rendered":"<p>Produits imprim\u00e9s pour le secteur de la restauration Cartes de menu, et cartes de boissons de haute qualit\u00e9 pour les<\/p>\n","protected":false},"author":1,"featured_media":0,"parent":0,"menu_order":0,"comment_status":"closed","ping_status":"closed","template":"","meta":{"footnotes":""},"class_list":["post-18986","page","type-page","status-publish","hentry"],"_links":{"self":[{"href":"https:\/\/kartentool.diwisa.ch\/fr\/wp-json\/wp\/v2\/pages\/18986","targetHints":{"allow":["GET"]}}],"collection":[{"href":"https:\/\/kartentool.diwisa.ch\/fr\/wp-json\/wp\/v2\/pages"}],"about":[{"href":"https:\/\/kartentool.diwisa.ch\/fr\/wp-json\/wp\/v2\/types\/page"}],"author":[{"embeddable":true,"href":"https:\/\/kartentool.diwisa.ch\/fr\/wp-json\/wp\/v2\/users\/1"}],"replies":[{"embeddable":true,"href":"https:\/\/kartentool.diwisa.ch\/fr\/wp-json\/wp\/v2\/comments?post=18986"}],"version-history":[{"count":11,"href":"https:\/\/kartentool.diwisa.ch\/fr\/wp-json\/wp\/v2\/pages\/18986\/revisions"}],"predecessor-version":[{"id":19931,"href":"https:\/\/kartentool.diwisa.ch\/fr\/wp-json\/wp\/v2\/pages\/18986\/revisions\/19931"}],"wp:attachment":[{"href":"https:\/\/kartentool.diwisa.ch\/fr\/wp-json\/wp\/v2\/media?parent=18986"}],"curies":[{"name":"wp","href":"https:\/\/api.w.org\/{rel}","templated":true}]}}