{"id":18963,"date":"2022-09-22T07:03:49","date_gmt":"2022-09-22T06:03:49","guid":{"rendered":"https:\/\/kartentool.diwisa.ch\/a-propos-de-nous\/"},"modified":"2024-07-22T13:55:28","modified_gmt":"2024-07-22T12:55:28","slug":"a-propos-de-nous","status":"publish","type":"page","link":"https:\/\/kartentool.diwisa.ch\/fr\/a-propos-de-nous\/","title":{"rendered":"\u00c0 propos de nous"},"content":{"rendered":"\t\t<div data-elementor-type=\"wp-page\" data-elementor-id=\"18963\" class=\"elementor elementor-18963 elementor-8655\" data-elementor-post-type=\"page\">\n\t\t\t\t<div class=\"elementor-element elementor-element-d79aaba e-con-full wd-section-stretch e-flex e-con e-parent\" data-id=\"d79aaba\" data-element_type=\"container\" data-e-type=\"container\" data-settings=\"{&quot;background_background&quot;:&quot;classic&quot;}\">\n\t\t\t\t<\/div>\n\t\t<div class=\"wd-negative-gap elementor-element elementor-element-ab88fa5 e-flex e-con-boxed e-con e-parent\" data-id=\"ab88fa5\" data-element_type=\"container\" data-e-type=\"container\">\n\t\t\t\t\t<div class=\"e-con-inner\">\n\t\t<div class=\"elementor-element elementor-element-414f0ad e-con-full e-flex e-con e-child\" data-id=\"414f0ad\" data-element_type=\"container\" data-e-type=\"container\">\n\t\t\t\t<div class=\"elementor-element elementor-element-6c982d5 elementor-widget elementor-widget-global elementor-global-18934 elementor-global-8996 elementor-widget-spacer\" data-id=\"6c982d5\" data-element_type=\"widget\" data-e-type=\"widget\" data-widget_type=\"spacer.default\">\n\t\t\t\t<div class=\"elementor-widget-container\">\n\t\t\t\t\t\t\t<div class=\"elementor-spacer\">\n\t\t\t<div class=\"elementor-spacer-inner\"><\/div>\n\t\t<\/div>\n\t\t\t\t\t\t<\/div>\n\t\t\t\t<\/div>\n\t\t\t\t<div class=\"elementor-element elementor-element-bc7d492 elementor-widget elementor-widget-heading\" data-id=\"bc7d492\" data-element_type=\"widget\" data-e-type=\"widget\" data-widget_type=\"heading.default\">\n\t\t\t\t<div class=\"elementor-widget-container\">\n\t\t\t\t\t<h1 class=\"elementor-heading-title elementor-size-default\">Vos interlocuteurs<\/h1>\t\t\t\t<\/div>\n\t\t\t\t<\/div>\n\t\t\t\t<div class=\"elementor-element elementor-element-cac3ba0 elementor-widget elementor-widget-spacer\" data-id=\"cac3ba0\" data-element_type=\"widget\" data-e-type=\"widget\" data-widget_type=\"spacer.default\">\n\t\t\t\t<div class=\"elementor-widget-container\">\n\t\t\t\t\t\t\t<div class=\"elementor-spacer\">\n\t\t\t<div class=\"elementor-spacer-inner\"><\/div>\n\t\t<\/div>\n\t\t\t\t\t\t<\/div>\n\t\t\t\t<\/div>\n\t\t\t\t<\/div>\n\t\t\t\t<div class=\"elementor-element elementor-element-7e0f9d3 elementor-widget-divider--view-line_text elementor-widget-divider--element-align-center elementor-widget elementor-widget-divider\" data-id=\"7e0f9d3\" data-element_type=\"widget\" data-e-type=\"widget\" data-widget_type=\"divider.default\">\n\t\t\t\t<div class=\"elementor-widget-container\">\n\t\t\t\t\t\t\t<div class=\"elementor-divider\">\n\t\t\t<span class=\"elementor-divider-separator\">\n\t\t\t\t\t\t\t<h2 class=\"elementor-divider__text elementor-divider__element\">\n\t\t\t\tPropri\u00e9taire de la boutique\t\t\t\t<\/h2>\n\t\t\t\t\t\t<\/span>\n\t\t<\/div>\n\t\t\t\t\t\t<\/div>\n\t\t\t\t<\/div>\n\t\t\t\t\t<\/div>\n\t\t\t\t<\/div>\n\t\t<div class=\"wd-negative-gap elementor-element elementor-element-3747cf0 e-flex e-con-boxed e-con e-parent\" data-id=\"3747cf0\" data-element_type=\"container\" data-e-type=\"container\">\n\t\t\t\t\t<div class=\"e-con-inner\">\n\t\t<div class=\"elementor-element elementor-element-28f621f e-con-full e-flex e-con e-child\" data-id=\"28f621f\" data-element_type=\"container\" data-e-type=\"container\">\n\t\t\t\t<div class=\"elementor-element elementor-element-78061f3 elementor-widget elementor-widget-wd_image_or_svg\" data-id=\"78061f3\" data-element_type=\"widget\" data-e-type=\"widget\" data-widget_type=\"wd_image_or_svg.default\">\n\t\t\t\t<div class=\"elementor-widget-container\">\n\t\t\t\t\t\n\t\t<div class=\"wd-image text-left\">\n\t\t\t\t\t\t\t<a href=\"https:\/\/www.diwisa.com\/de\/\" aria-label=\"Image link\" target=\"_blank\" rel=\"noopener\">\n\t\t\t\t\t\t\t\t<img decoding=\"async\" class=\" wd-lazy-blur\" src=\"https:\/\/kartentool.diwisa.ch\/wp-content\/themes\/woodmart\/images\/lazy.svg\" data-src=\"https:\/\/kartentool.diwisa.ch\/wp-content\/uploads\/2024\/03\/logo-diwisa-black.svg\" title=\"logo-diwisa-black\" loading=\"lazy\" width=\"3000\" height=\"3000\" alt=\"\">\t\t\t\t\t\t\t<\/a>\n\t\t\t\t\t<\/div>\n\n\t\t\t\t\t\t<\/div>\n\t\t\t\t<\/div>\n\t\t\t\t<\/div>\n\t\t<div class=\"elementor-element elementor-element-a57ec77 e-con-full e-flex e-con e-child\" data-id=\"a57ec77\" data-element_type=\"container\" data-e-type=\"container\">\n\t\t\t\t<div class=\"elementor-element elementor-element-2025a9e text-center color-scheme-inherit elementor-widget elementor-widget-text-editor\" data-id=\"2025a9e\" data-element_type=\"widget\" data-e-type=\"widget\" data-widget_type=\"text-editor.default\">\n\t\t\t\t<div class=\"elementor-widget-container\">\n\t\t\t\t\t\t\t\t\t<p>DIWISA est une entreprise de commercialisation et de production de boissons pour le plaisir et la joie de vivre.<br \/>\nDepuis plus de 100 ans, nous mettons tout notre c\u0153ur \u00e0 l&rsquo;ouvrage pour assurer le succ\u00e8s \u00e0 long terme de nos partenaires commerciaux et leur offrir le meilleur service possible. <\/p>\n<p>Avec beaucoup d&rsquo;\u00e9lan entrepreneurial, la soci\u00e9t\u00e9 DIWISA est pr\u00e9sente sur le march\u00e9 depuis bient\u00f4t 100 ans de mani\u00e8re ind\u00e9pendante et autonome et a su relever tous les d\u00e9fis avec succ\u00e8s.<\/p>\n<p>Nous voulons r\u00e9pondre rapidement aux besoins de nos clients en leur proposant des produits et des services adapt\u00e9s.<\/p>\n<p>En tant que leader du march\u00e9 des spiritueux en Suisse, DIWISA a d\u00e9velopp\u00e9 des marques qui comptent parmi les plus vendues.<br \/>\nLa marque TROJKA en est le leader. <\/p>\n\t\t\t\t\t\t\t\t<\/div>\n\t\t\t\t<\/div>\n\t\t\t\t<\/div>\n\t\t\t\t\t<\/div>\n\t\t\t\t<\/div>\n\t\t<div class=\"wd-negative-gap elementor-element elementor-element-2eaeba8 e-flex e-con-boxed e-con e-parent\" data-id=\"2eaeba8\" data-element_type=\"container\" data-e-type=\"container\">\n\t\t\t\t\t<div class=\"e-con-inner\">\n\t\t\t\t<div class=\"elementor-element elementor-element-78efbf8 elementor-widget elementor-widget-spacer\" data-id=\"78efbf8\" data-element_type=\"widget\" data-e-type=\"widget\" data-widget_type=\"spacer.default\">\n\t\t\t\t<div class=\"elementor-widget-container\">\n\t\t\t\t\t\t\t<div class=\"elementor-spacer\">\n\t\t\t<div class=\"elementor-spacer-inner\"><\/div>\n\t\t<\/div>\n\t\t\t\t\t\t<\/div>\n\t\t\t\t<\/div>\n\t\t\t\t<div class=\"elementor-element elementor-element-88ba7fc elementor-widget-divider--view-line_text elementor-widget-divider--element-align-center elementor-widget elementor-widget-divider\" data-id=\"88ba7fc\" data-element_type=\"widget\" data-e-type=\"widget\" data-widget_type=\"divider.default\">\n\t\t\t\t<div class=\"elementor-widget-container\">\n\t\t\t\t\t\t\t<div class=\"elementor-divider\">\n\t\t\t<span class=\"elementor-divider-separator\">\n\t\t\t\t\t\t\t<h2 class=\"elementor-divider__text elementor-divider__element\">\n\t\t\t\tG\u00e9rant de la boutique\t\t\t\t<\/h2>\n\t\t\t\t\t\t<\/span>\n\t\t<\/div>\n\t\t\t\t\t\t<\/div>\n\t\t\t\t<\/div>\n\t\t\t\t\t<\/div>\n\t\t\t\t<\/div>\n\t\t<div class=\"wd-negative-gap elementor-element elementor-element-e10193a e-flex e-con-boxed e-con e-parent\" data-id=\"e10193a\" data-element_type=\"container\" data-e-type=\"container\">\n\t\t\t\t\t<div class=\"e-con-inner\">\n\t\t<div class=\"elementor-element elementor-element-5afb253 e-con-full e-flex e-con e-child\" data-id=\"5afb253\" data-element_type=\"container\" data-e-type=\"container\">\n\t\t\t\t<div class=\"elementor-element elementor-element-a80b76c text-center color-scheme-inherit elementor-widget elementor-widget-text-editor\" data-id=\"a80b76c\" data-element_type=\"widget\" data-e-type=\"widget\" data-widget_type=\"text-editor.default\">\n\t\t\t\t<div class=\"elementor-widget-container\">\n\t\t\t\t\t\t\t\t\t<p>Depuis plus de cinq d\u00e9cennies, notre entreprise est un acteur incontournable dans le monde des services marketing.<br \/>\nGr\u00e2ce \u00e0 des solutions sur mesure, nous all\u00e9geons la charge de travail de nos clients et leur permettons de se concentrer pleinement sur leur activit\u00e9 principale.<br \/>\nSitu\u00e9e au pied du Pilate, dans la pittoresque Suisse centrale, notre entreprise familiale est d\u00e9j\u00e0 dirig\u00e9e par la deuxi\u00e8me g\u00e9n\u00e9ration d&rsquo;Andr\u00e9 Bacher et emploie plus de 20 personnes.  <\/p>\n<p>Nous sommes passionn\u00e9s par la conception et la r\u00e9alisation de supports de communication pour les entreprises et les particuliers.<br \/>\nDe la conception \u00e0 l&rsquo;impression finale, en passant par les illustrations et les sites web, nous proposons un service complet et 100 % neutre en carbone. <\/p>\n<p>Cette boutique a \u00e9t\u00e9 d\u00e9velopp\u00e9e et mise en place par nos soins pour le compte de DIWISA.<br \/>\nNous produisons et exp\u00e9dions \u00e9galement les cartes command\u00e9es dans nos locaux.<br \/>\nSi vous avez des questions techniques sur le processus de commande ou la production, vous pouvez vous adresser \u00e0 nous.  <\/p>\n<p><a href=\"tel:0414980988\" target=\"_blank\" rel=\"noopener\"><strong>041 498 09 88<\/strong><\/a> ou <a href=\"mailto:w2p@kartentool.diwisa.ch\" target=\"_blank\" rel=\"noopener\"><strong>w2p@kartentool.diwisa.ch<\/strong><\/a><\/p>\n\t\t\t\t\t\t\t\t<\/div>\n\t\t\t\t<\/div>\n\t\t\t\t<\/div>\n\t\t<div class=\"elementor-element elementor-element-56eacf8 e-con-full e-flex e-con e-child\" data-id=\"56eacf8\" data-element_type=\"container\" data-e-type=\"container\">\n\t\t\t\t<div class=\"elementor-element elementor-element-929b084 elementor-widget elementor-widget-wd_image_or_svg\" data-id=\"929b084\" data-element_type=\"widget\" data-e-type=\"widget\" data-widget_type=\"wd_image_or_svg.default\">\n\t\t\t\t<div class=\"elementor-widget-container\">\n\t\t\t\t\t\n\t\t<div class=\"wd-image text-left\">\n\t\t\t\t\t\t\t<a href=\"https:\/\/bacher.swiss\/\" aria-label=\"Image link\" target=\"_blank\" rel=\"noopener\">\n\t\t\t\t\t\t\t\t<img decoding=\"async\" width=\"636\" height=\"253\" src=\"https:\/\/kartentool.diwisa.ch\/wp-content\/uploads\/2024\/04\/Logo_Bacher-1.webp\" class=\"attachment-full size-full\" alt=\"\" srcset=\"https:\/\/kartentool.diwisa.ch\/wp-content\/uploads\/2024\/04\/Logo_Bacher-1.webp 636w, https:\/\/kartentool.diwisa.ch\/wp-content\/uploads\/2024\/04\/Logo_Bacher-1-430x171.webp 430w, https:\/\/kartentool.diwisa.ch\/wp-content\/uploads\/2024\/04\/Logo_Bacher-1-140x56.webp 140w, https:\/\/kartentool.diwisa.ch\/wp-content\/uploads\/2024\/04\/Logo_Bacher-1-400x159.webp 400w\" sizes=\"(max-width: 636px) 100vw, 636px\">\t\t\t\t\t\t\t<\/a>\n\t\t\t\t\t<\/div>\n\n\t\t\t\t\t\t<\/div>\n\t\t\t\t<\/div>\n\t\t\t\t<\/div>\n\t\t\t\t\t<\/div>\n\t\t\t\t<\/div>\n\t\t\t\t<\/div>\n\t\t","protected":false},"excerpt":{"rendered":"<p>Vos interlocuteurs Propri\u00e9taire de la boutique DIWISA est une entreprise de commercialisation et de production de boissons pour le plaisir<\/p>\n","protected":false},"author":1,"featured_media":0,"parent":0,"menu_order":5000,"comment_status":"closed","ping_status":"closed","template":"","meta":{"footnotes":""},"class_list":["post-18963","page","type-page","status-publish","hentry"],"_links":{"self":[{"href":"https:\/\/kartentool.diwisa.ch\/fr\/wp-json\/wp\/v2\/pages\/18963","targetHints":{"allow":["GET"]}}],"collection":[{"href":"https:\/\/kartentool.diwisa.ch\/fr\/wp-json\/wp\/v2\/pages"}],"about":[{"href":"https:\/\/kartentool.diwisa.ch\/fr\/wp-json\/wp\/v2\/types\/page"}],"author":[{"embeddable":true,"href":"https:\/\/kartentool.diwisa.ch\/fr\/wp-json\/wp\/v2\/users\/1"}],"replies":[{"embeddable":true,"href":"https:\/\/kartentool.diwisa.ch\/fr\/wp-json\/wp\/v2\/comments?post=18963"}],"version-history":[{"count":1,"href":"https:\/\/kartentool.diwisa.ch\/fr\/wp-json\/wp\/v2\/pages\/18963\/revisions"}],"predecessor-version":[{"id":18967,"href":"https:\/\/kartentool.diwisa.ch\/fr\/wp-json\/wp\/v2\/pages\/18963\/revisions\/18967"}],"wp:attachment":[{"href":"https:\/\/kartentool.diwisa.ch\/fr\/wp-json\/wp\/v2\/media?parent=18963"}],"curies":[{"name":"wp","href":"https:\/\/api.w.org\/{rel}","templated":true}]}}