{"id":18952,"date":"2022-09-22T07:15:56","date_gmt":"2022-09-22T06:15:56","guid":{"rendered":"https:\/\/kartentool.diwisa.ch\/livraison-paiement\/"},"modified":"2024-11-28T10:23:12","modified_gmt":"2024-11-28T09:23:12","slug":"livraison-paiement","status":"publish","type":"page","link":"https:\/\/kartentool.diwisa.ch\/fr\/a-propos-de-nous\/livraison-paiement\/","title":{"rendered":"Livraison &amp; paiement"},"content":{"rendered":"\t\t<div data-elementor-type=\"wp-page\" data-elementor-id=\"18952\" class=\"elementor elementor-18952 elementor-8692\" data-elementor-post-type=\"page\">\n\t\t\t\t<div class=\"elementor-element elementor-element-eb7880a e-con-full e-flex e-con e-parent\" data-id=\"eb7880a\" data-element_type=\"container\" data-e-type=\"container\">\n\t\t\t\t<div class=\"elementor-element elementor-element-970db93 elementor-widget elementor-widget-global elementor-global-18934 elementor-global-8996 elementor-widget-spacer\" data-id=\"970db93\" data-element_type=\"widget\" data-e-type=\"widget\" data-widget_type=\"spacer.default\">\n\t\t\t\t<div class=\"elementor-widget-container\">\n\t\t\t\t\t\t\t<div class=\"elementor-spacer\">\n\t\t\t<div class=\"elementor-spacer-inner\"><\/div>\n\t\t<\/div>\n\t\t\t\t\t\t<\/div>\n\t\t\t\t<\/div>\n\t\t\t\t<div class=\"elementor-element elementor-element-0181d31 elementor-widget elementor-widget-heading\" data-id=\"0181d31\" data-element_type=\"widget\" data-e-type=\"widget\" data-widget_type=\"heading.default\">\n\t\t\t\t<div class=\"elementor-widget-container\">\n\t\t\t\t\t<h1 class=\"elementor-heading-title elementor-size-default\">Livraison et paiement<\/h1>\t\t\t\t<\/div>\n\t\t\t\t<\/div>\n\t\t\t\t<div class=\"elementor-element elementor-element-1392edf text-center color-scheme-inherit elementor-widget elementor-widget-text-editor\" data-id=\"1392edf\" data-element_type=\"widget\" data-e-type=\"widget\" data-widget_type=\"text-editor.default\">\n\t\t\t\t<div class=\"elementor-widget-container\">\n\t\t\t\t\t\t\t\t\t<p>Vous trouverez ci-dessous des informations sur la livraison et les conditions de paiement.<br \/>\nSi vos questions restent sans r\u00e9ponse ou si vous avez besoin d&rsquo;autres informations, n&rsquo;h\u00e9sitez pas \u00e0 nous contacter : <\/p>\n\t\t\t\t\t\t\t\t<\/div>\n\t\t\t\t<\/div>\n\t\t\t\t<div class=\"elementor-element elementor-element-33580bf elementor-widget elementor-widget-spacer\" data-id=\"33580bf\" data-element_type=\"widget\" data-e-type=\"widget\" data-widget_type=\"spacer.default\">\n\t\t\t\t<div class=\"elementor-widget-container\">\n\t\t\t\t\t\t\t<div class=\"elementor-spacer\">\n\t\t\t<div class=\"elementor-spacer-inner\"><\/div>\n\t\t<\/div>\n\t\t\t\t\t\t<\/div>\n\t\t\t\t<\/div>\n\t\t<div class=\"elementor-element elementor-element-3fc2d16 e-con-full e-flex e-con e-child\" data-id=\"3fc2d16\" data-element_type=\"container\" data-e-type=\"container\">\n\t\t\t\t<div class=\"elementor-element elementor-element-f1fc093 elementor-widget elementor-widget-shortcode\" data-id=\"f1fc093\" data-element_type=\"widget\" data-e-type=\"widget\" data-widget_type=\"shortcode.default\">\n\t\t\t\t<div class=\"elementor-widget-container\">\n\t\t\t\t\t\t\t<div class=\"elementor-shortcode\">\t\t\t<link rel=\"stylesheet\" id=\"elementor-post-18866-css\" href=\"https:\/\/kartentool.diwisa.ch\/wp-content\/uploads\/elementor\/css\/post-18866.css?ver=1777434719\" type=\"text\/css\" media=\"all\">\n\t\t\t\t\t<div data-elementor-type=\"wp-post\" data-elementor-id=\"18866\" class=\"elementor elementor-18866 elementor-14626 elementor-14626\" data-elementor-post-type=\"cms_block\">\n\t\t\t\t<div class=\"elementor-element elementor-element-6415404 e-con-full e-flex e-con e-parent\" data-id=\"6415404\" data-element_type=\"container\" data-e-type=\"container\">\n\t\t<div class=\"elementor-element elementor-element-e8f5bc5 e-con-full e-flex e-con e-child\" data-id=\"e8f5bc5\" data-element_type=\"container\" data-e-type=\"container\">\n\t\t\t\t<div class=\"elementor-element elementor-element-81d13c1 elementor-position-inline-start elementor-view-default elementor-mobile-position-block-start elementor-widget elementor-widget-icon-box\" data-id=\"81d13c1\" data-element_type=\"widget\" data-e-type=\"widget\" data-widget_type=\"icon-box.default\">\n\t\t\t\t<div class=\"elementor-widget-container\">\n\t\t\t\t\t\t\t<div class=\"elementor-icon-box-wrapper\">\n\n\t\t\t\t\t\t<div class=\"elementor-icon-box-icon\">\n\t\t\t\t<a href=\"tel:0414980988\" class=\"elementor-icon elementor-animation-grow-rotate\" tabindex=\"-1\" aria-label=\"041 498 09 88\">\n\t\t\t\t<i aria-hidden=\"true\" class=\"fas fa-phone\"><\/i>\t\t\t\t<\/a>\n\t\t\t<\/div>\n\t\t\t\n\t\t\t\t\t\t<div class=\"elementor-icon-box-content\">\n\n\t\t\t\t\t\t\t\t\t<h3 class=\"elementor-icon-box-title\">\n\t\t\t\t\t\t<a href=\"tel:0414980988\" >\n\t\t\t\t\t\t\t041 498 09 88\t\t\t\t\t\t<\/a>\n\t\t\t\t\t<\/h3>\n\t\t\t\t\n\t\t\t\t\n\t\t\t<\/div>\n\t\t\t\n\t\t<\/div>\n\t\t\t\t\t\t<\/div>\n\t\t\t\t<\/div>\n\t\t\t\t<\/div>\n\t\t<div class=\"elementor-element elementor-element-dab7236 e-con-full e-flex e-con e-child\" data-id=\"dab7236\" data-element_type=\"container\" data-e-type=\"container\">\n\t\t\t\t<div class=\"elementor-element elementor-element-e34fb97 elementor-position-inline-start elementor-view-default elementor-mobile-position-block-start elementor-widget elementor-widget-icon-box\" data-id=\"e34fb97\" data-element_type=\"widget\" data-e-type=\"widget\" data-widget_type=\"icon-box.default\">\n\t\t\t\t<div class=\"elementor-widget-container\">\n\t\t\t\t\t\t\t<div class=\"elementor-icon-box-wrapper\">\n\n\t\t\t\t\t\t<div class=\"elementor-icon-box-icon\">\n\t\t\t\t<a href=\"mailto:w2p@kartentool.diwisa.ch\" class=\"elementor-icon elementor-animation-grow\" tabindex=\"-1\" aria-label=\"w2p@kartentool.diwisa.ch\">\n\t\t\t\t<i aria-hidden=\"true\" class=\"fas fa-envelope\"><\/i>\t\t\t\t<\/a>\n\t\t\t<\/div>\n\t\t\t\n\t\t\t\t\t\t<div class=\"elementor-icon-box-content\">\n\n\t\t\t\t\t\t\t\t\t<h3 class=\"elementor-icon-box-title\">\n\t\t\t\t\t\t<a href=\"mailto:w2p@kartentool.diwisa.ch\" >\n\t\t\t\t\t\t\tw2p@kartentool.diwisa.ch\t\t\t\t\t\t<\/a>\n\t\t\t\t\t<\/h3>\n\t\t\t\t\n\t\t\t\t\n\t\t\t<\/div>\n\t\t\t\n\t\t<\/div>\n\t\t\t\t\t\t<\/div>\n\t\t\t\t<\/div>\n\t\t\t\t<\/div>\n\t\t\t\t<\/div>\n\t\t\t\t<\/div>\n\t\t<\/div>\n\t\t\t\t\t\t<\/div>\n\t\t\t\t<\/div>\n\t\t\t\t<\/div>\n\t\t\t\t<div class=\"elementor-element elementor-element-2b08b87 elementor-widget elementor-widget-spacer\" data-id=\"2b08b87\" data-element_type=\"widget\" data-e-type=\"widget\" data-widget_type=\"spacer.default\">\n\t\t\t\t<div class=\"elementor-widget-container\">\n\t\t\t\t\t\t\t<div class=\"elementor-spacer\">\n\t\t\t<div class=\"elementor-spacer-inner\"><\/div>\n\t\t<\/div>\n\t\t\t\t\t\t<\/div>\n\t\t\t\t<\/div>\n\t\t\t\t<\/div>\n\t\t<div class=\"elementor-element elementor-element-c98dde2 e-con-full e-flex e-con e-parent\" data-id=\"c98dde2\" data-element_type=\"container\" data-e-type=\"container\">\n\t\t<div class=\"elementor-element elementor-element-6a50eb3 e-con-full e-flex e-con e-child\" data-id=\"6a50eb3\" data-element_type=\"container\" data-e-type=\"container\">\n\t\t\t\t<div class=\"elementor-element elementor-element-36e59de color-scheme-inherit text-left elementor-widget elementor-widget-text-editor\" data-id=\"36e59de\" data-element_type=\"widget\" data-e-type=\"widget\" data-widget_type=\"text-editor.default\">\n\t\t\t\t<div class=\"elementor-widget-container\">\n\t\t\t\t\t\t\t\t\t<h3>D\u00e9lais de livraison<\/h3>\n<p>Le d\u00e9lai de fabrication et de livraison varie en fonction du produit et se situe entre 4 et 7 jours ouvrables, selon la quantit\u00e9 command\u00e9e.<br \/>\nVous trouverez l&rsquo;indication exacte du d\u00e9lai de fabrication dans la vue du produit.<br \/>\nLe d\u00e9lai de livraison d\u00e9pend de l&rsquo;option d&rsquo;exp\u00e9dition choisie.<br \/>\nPour les livraisons express, les frais s&rsquo;\u00e9l\u00e8vent \u00e0 25 CHF.   <\/p>\n\t\t\t\t\t\t\t\t<\/div>\n\t\t\t\t<\/div>\n\t\t\t\t<\/div>\n\t\t<div class=\"elementor-element elementor-element-fe000eb e-con-full e-flex e-con e-child\" data-id=\"fe000eb\" data-element_type=\"container\" data-e-type=\"container\">\n\t\t\t\t<div class=\"elementor-element elementor-element-6068d68 color-scheme-inherit text-left elementor-widget elementor-widget-text-editor\" data-id=\"6068d68\" data-element_type=\"widget\" data-e-type=\"widget\" data-widget_type=\"text-editor.default\">\n\t\t\t\t<div class=\"elementor-widget-container\">\n\t\t\t\t\t\t\t\t\t<h3>Express<\/h3>\n<p>Pour une production express, nous facturons un forfait suppl\u00e9mentaire. Pour une commande jusqu&rsquo;\u00e0 250 exemplaires, nous ajoutons un forfait de 80 CHF. Le d\u00e9lai de production serait alors r\u00e9duit \u00e0 2 jours ouvrables (au lieu de 3). Si la quantit\u00e9 command\u00e9e est sup\u00e9rieure \u00e0 250 exemplaires, un suppl\u00e9ment forfaitaire de 120 CHF est factur\u00e9 et le d\u00e9lai de production et de livraison est alors de 5 jours ouvrables.   <\/p>\n\t\t\t\t\t\t\t\t<\/div>\n\t\t\t\t<\/div>\n\t\t\t\t<\/div>\n\t\t<div class=\"elementor-element elementor-element-4c596c7 e-con-full e-flex e-con e-child\" data-id=\"4c596c7\" data-element_type=\"container\" data-e-type=\"container\">\n\t\t\t\t<div class=\"elementor-element elementor-element-3d75f45 color-scheme-inherit text-left elementor-widget elementor-widget-text-editor\" data-id=\"3d75f45\" data-element_type=\"widget\" data-e-type=\"widget\" data-widget_type=\"text-editor.default\">\n\t\t\t\t<div class=\"elementor-widget-container\">\n\t\t\t\t\t\t\t\t\t<h3>Mode d&rsquo;exp\u00e9dition<\/h3>\n<p>Choisissez entre le courrier A, l&rsquo;express ou l&rsquo;enl\u00e8vement par vos soins dans nos locaux, Gewerbering 1, 6105 Schachen. L&rsquo;envoi postal est effectu\u00e9 par la Poste Suisse. Les frais s&rsquo;\u00e9l\u00e8vent \u00e0 CHF 14.00 par adresse d&rsquo;exp\u00e9dition ou \u00e0 CHF 25.00 en cas de livraison express.  <\/p>\n\t\t\t\t\t\t\t\t<\/div>\n\t\t\t\t<\/div>\n\t\t\t\t<\/div>\n\t\t<div class=\"elementor-element elementor-element-2bc5ed8 e-con-full e-flex e-con e-child\" data-id=\"2bc5ed8\" data-element_type=\"container\" data-e-type=\"container\">\n\t\t\t\t<div class=\"elementor-element elementor-element-e62f088 color-scheme-inherit text-left elementor-widget elementor-widget-text-editor\" data-id=\"e62f088\" data-element_type=\"widget\" data-e-type=\"widget\" data-widget_type=\"text-editor.default\">\n\t\t\t\t<div class=\"elementor-widget-container\">\n\t\t\t\t\t\t\t\t\t<h3>Options de paiement<\/h3>\n<p>Nous proposons tous les produits et services contre Twint, carte de cr\u00e9dit ou paiement anticip\u00e9 sur facture.<\/p>\n\t\t\t\t\t\t\t\t<\/div>\n\t\t\t\t<\/div>\n\t\t\t\t<\/div>\n\t\t<div class=\"elementor-element elementor-element-cd0b4fa e-con-full e-flex e-con e-child\" data-id=\"cd0b4fa\" data-element_type=\"container\" data-e-type=\"container\">\n\t\t\t\t<div class=\"elementor-element elementor-element-da0280e color-scheme-inherit text-left elementor-widget elementor-widget-text-editor\" data-id=\"da0280e\" data-element_type=\"widget\" data-e-type=\"widget\" data-widget_type=\"text-editor.default\">\n\t\t\t\t<div class=\"elementor-widget-container\">\n\t\t\t\t\t\t\t\t\t<h3>D\u00e9lai de paiement<\/h3>\n<p>En cas de commande sur facture, la facture est envoy\u00e9e par e-mail en m\u00eame temps que le produit imprim\u00e9.<br \/>\nLa facture doit \u00eatre r\u00e9gl\u00e9e dans les 10 jours.  La production est lanc\u00e9e d\u00e8s r\u00e9ception du paiement<\/p>\n\t\t\t\t\t\t\t\t<\/div>\n\t\t\t\t<\/div>\n\t\t\t\t<\/div>\n\t\t<div class=\"elementor-element elementor-element-98e9a71 e-con-full e-flex e-con e-child\" data-id=\"98e9a71\" data-element_type=\"container\" data-e-type=\"container\">\n\t\t\t\t<div class=\"elementor-element elementor-element-09d5dd7 color-scheme-inherit text-left elementor-widget elementor-widget-text-editor\" data-id=\"09d5dd7\" data-element_type=\"widget\" data-e-type=\"widget\" data-widget_type=\"text-editor.default\">\n\t\t\t\t<div class=\"elementor-widget-container\">\n\t\t\t\t\t\t\t\t\t<h3>Annulation<\/h3>\n<p>Tant que votre commande n&rsquo;a pas \u00e9t\u00e9 produite, vous avez la possibilit\u00e9 de l&rsquo;annuler. Pour ce faire, contactez-nous d\u00e8s que possible par t\u00e9l\u00e9phone au 041 498 09 88. Une fois que vos cartes sont imprim\u00e9es, il n&rsquo;est plus possible d&rsquo;annuler la commande.  <\/p>\n\t\t\t\t\t\t\t\t<\/div>\n\t\t\t\t<\/div>\n\t\t\t\t<\/div>\n\t\t<div class=\"elementor-element elementor-element-765e434 e-con-full e-flex e-con e-child\" data-id=\"765e434\" data-element_type=\"container\" data-e-type=\"container\">\n\t\t\t\t<div class=\"elementor-element elementor-element-571bbe1 color-scheme-inherit text-left elementor-widget elementor-widget-text-editor\" data-id=\"571bbe1\" data-element_type=\"widget\" data-e-type=\"widget\" data-widget_type=\"text-editor.default\">\n\t\t\t\t<div class=\"elementor-widget-container\">\n\t\t\t\t\t\t\t\t\t<h3>Remboursement<\/h3>\n<p>Les produits imprim\u00e9s avec une mise en page incorrecte, un format mal choisi, un contenu flou ou avec des couleurs vives ou des erreurs dans le texte que vous avez saisi ne seront pas rembours\u00e9s.<\/p>\n\t\t\t\t\t\t\t\t<\/div>\n\t\t\t\t<\/div>\n\t\t\t\t<\/div>\n\t\t<div class=\"elementor-element elementor-element-8757767 e-con-full e-flex e-con e-child\" data-id=\"8757767\" data-element_type=\"container\" data-e-type=\"container\">\n\t\t\t\t<div class=\"elementor-element elementor-element-00f83bf color-scheme-inherit text-left elementor-widget elementor-widget-text-editor\" data-id=\"00f83bf\" data-element_type=\"widget\" data-e-type=\"widget\" data-widget_type=\"text-editor.default\">\n\t\t\t\t<div class=\"elementor-widget-container\">\n\t\t\t\t\t\t\t\t\t<h3>Dans quels cas les produits d\u00e9fectueux\/endommag\u00e9s sont-ils remplac\u00e9s ?<\/h3>\n<p>En cas de d\u00e9faut du produit qui nous est imputable, nous vous remplacerons le produit ou serons pr\u00eats \u00e0 discuter d&rsquo;une r\u00e9duction du prix d&rsquo;achat. Nous trouverons certainement ensemble une solution satisfaisante. <\/p>\n\t\t\t\t\t\t\t\t<\/div>\n\t\t\t\t<\/div>\n\t\t\t\t<\/div>\n\t\t<div class=\"elementor-element elementor-element-b06a0a3 e-con-full e-flex e-con e-child\" data-id=\"b06a0a3\" data-element_type=\"container\" data-e-type=\"container\">\n\t\t\t\t<div class=\"elementor-element elementor-element-6a4c254 color-scheme-inherit text-left elementor-widget elementor-widget-text-editor\" data-id=\"6a4c254\" data-element_type=\"widget\" data-e-type=\"widget\" data-widget_type=\"text-editor.default\">\n\t\t\t\t<div class=\"elementor-widget-container\">\n\t\t\t\t\t\t\t\t\t<h3>Les cas suivants peuvent \u00eatre de notre fait :<\/h3>\n<ul>\n<li>Le produit n&rsquo;a pas \u00e9t\u00e9 imprim\u00e9 sur le papier que vous avez choisi<\/li>\n<li>Le produit n&rsquo;a pas le format que vous avez choisi<\/li>\n<li>Erreurs de fabrication\/transformation<\/li>\n<\/ul>\n\t\t\t\t\t\t\t\t<\/div>\n\t\t\t\t<\/div>\n\t\t\t\t<\/div>\n\t\t<div class=\"elementor-element elementor-element-2b7f6a0 e-con-full e-flex e-con e-child\" data-id=\"2b7f6a0\" data-element_type=\"container\" data-e-type=\"container\">\n\t\t\t\t<div class=\"elementor-element elementor-element-2849878 color-scheme-inherit text-left elementor-widget elementor-widget-text-editor\" data-id=\"2849878\" data-element_type=\"widget\" data-e-type=\"widget\" data-widget_type=\"text-editor.default\">\n\t\t\t\t<div class=\"elementor-widget-container\">\n\t\t\t\t\t\t\t\t\t<h3>Comment puis-je signaler une r\u00e9clamation ?<\/h3>\n<p>Vous avez d\u00e9couvert une erreur dans votre produit qui nous est imputable ? Veuillez nous contacter par e-mail w2b@kartentool.diwisa.ch ou par t\u00e9l\u00e9phone 041 498 09 88 et nous essaierons de trouver une solution ensemble. <\/p>\n\t\t\t\t\t\t\t\t<\/div>\n\t\t\t\t<\/div>\n\t\t\t\t<\/div>\n\t\t<div class=\"elementor-element elementor-element-56c52fa e-con-full e-flex e-con e-child\" data-id=\"56c52fa\" data-element_type=\"container\" data-e-type=\"container\">\n\t\t\t\t<div class=\"elementor-element elementor-element-d3bae8c color-scheme-inherit text-left elementor-widget elementor-widget-text-editor\" data-id=\"d3bae8c\" data-element_type=\"widget\" data-e-type=\"widget\" data-widget_type=\"text-editor.default\">\n\t\t\t\t<div class=\"elementor-widget-container\">\n\t\t\t\t\t\t\t\t\t<h3>Dans quel d\u00e9lai une r\u00e9clamation est-elle possible ?<\/h3>\n<p>Les d\u00e9fauts doivent \u00eatre signal\u00e9s par \u00e9crit imm\u00e9diatement, au plus tard dans les 3 jours ouvrables.<\/p>\n\t\t\t\t\t\t\t\t<\/div>\n\t\t\t\t<\/div>\n\t\t\t\t<\/div>\n\t\t<div class=\"elementor-element elementor-element-e233927 e-con-full e-flex e-con e-child\" data-id=\"e233927\" data-element_type=\"container\" data-e-type=\"container\">\n\t\t\t\t<div class=\"elementor-element elementor-element-f9efb99 color-scheme-inherit text-left elementor-widget elementor-widget-text-editor\" data-id=\"f9efb99\" data-element_type=\"widget\" data-e-type=\"widget\" data-widget_type=\"text-editor.default\">\n\t\t\t\t<div class=\"elementor-widget-container\">\n\t\t\t\t\t\t\t\t\t<h3>Qui paie les frais de livraison en cas de retour ?<\/h3>\n<p>Les retours de tout type doivent \u00eatre convenus \u00e0 l&rsquo;avance avec nous. Si la r\u00e9clamation est justifi\u00e9e et que le retour est n\u00e9cessaire, nous vous enverrons une \u00e9tiquette de retour gratuite. Veuillez nous contacter.  <\/p>\n\t\t\t\t\t\t\t\t<\/div>\n\t\t\t\t<\/div>\n\t\t\t\t<\/div>\n\t\t\t\t<\/div>\n\t\t\t\t<\/div>\n\t\t","protected":false},"excerpt":{"rendered":"<p>Livraison et paiement Vous trouverez ci-dessous des informations sur la livraison et les conditions de paiement. Si vos questions restent<\/p>\n","protected":false},"author":1,"featured_media":0,"parent":18963,"menu_order":5040,"comment_status":"closed","ping_status":"closed","template":"","meta":{"footnotes":""},"class_list":["post-18952","page","type-page","status-publish","hentry"],"_links":{"self":[{"href":"https:\/\/kartentool.diwisa.ch\/fr\/wp-json\/wp\/v2\/pages\/18952","targetHints":{"allow":["GET"]}}],"collection":[{"href":"https:\/\/kartentool.diwisa.ch\/fr\/wp-json\/wp\/v2\/pages"}],"about":[{"href":"https:\/\/kartentool.diwisa.ch\/fr\/wp-json\/wp\/v2\/types\/page"}],"author":[{"embeddable":true,"href":"https:\/\/kartentool.diwisa.ch\/fr\/wp-json\/wp\/v2\/users\/1"}],"replies":[{"embeddable":true,"href":"https:\/\/kartentool.diwisa.ch\/fr\/wp-json\/wp\/v2\/comments?post=18952"}],"version-history":[{"count":3,"href":"https:\/\/kartentool.diwisa.ch\/fr\/wp-json\/wp\/v2\/pages\/18952\/revisions"}],"predecessor-version":[{"id":19326,"href":"https:\/\/kartentool.diwisa.ch\/fr\/wp-json\/wp\/v2\/pages\/18952\/revisions\/19326"}],"up":[{"embeddable":true,"href":"https:\/\/kartentool.diwisa.ch\/fr\/wp-json\/wp\/v2\/pages\/18963"}],"wp:attachment":[{"href":"https:\/\/kartentool.diwisa.ch\/fr\/wp-json\/wp\/v2\/media?parent=18952"}],"curies":[{"name":"wp","href":"https:\/\/api.w.org\/{rel}","templated":true}]}}